{"id":1792,"date":"2023-12-08T22:25:08","date_gmt":"2023-12-08T22:25:08","guid":{"rendered":"https:\/\/maroctactile.com\/?post_type=product&#038;p=1792"},"modified":"2026-01-29T16:53:40","modified_gmt":"2026-01-29T16:53:40","slug":"mur-dimages-led-55-full-hd-haute-luminosite-bords-ultra-fins","status":"publish","type":"product","link":"https:\/\/maroctactile.com\/index.php\/produit\/mur-dimages-led-55-full-hd-haute-luminosite-bords-ultra-fins\/","title":{"rendered":"Mur d\u2019Images 55\u201d Full HD \u2013 Haute Luminosit\u00e9."},"content":{"rendered":"\t\t<div data-elementor-type=\"wp-post\" data-elementor-id=\"1792\" class=\"elementor elementor-1792\">\n\t\t\t\t<div class=\"elementor-element elementor-element-54cb2211 e-flex e-con-boxed e-con e-parent\" data-id=\"54cb2211\" data-element_type=\"container\" data-e-type=\"container\">\n\t\t\t\t\t<div class=\"e-con-inner\">\n\t\t\t\t<div class=\"elementor-element elementor-element-4226242 elementor-widget elementor-widget-button\" data-id=\"4226242\" data-element_type=\"widget\" data-e-type=\"widget\" data-widget_type=\"button.default\">\n\t\t\t\t<div class=\"elementor-widget-container\">\n\t\t\t\t\t\t\t\t\t<div class=\"elementor-button-wrapper\">\n\t\t\t\t\t<a class=\"elementor-button elementor-button-link elementor-size-sm\" href=\"http:\/\/maroctactile.com\/wp-content\/uploads\/2026\/01\/FT-Mur-dimage.pdf\">\n\t\t\t\t\t\t<span class=\"elementor-button-content-wrapper\">\n\t\t\t\t\t\t<span class=\"elementor-button-icon\">\n\t\t\t\t<svg aria-hidden=\"true\" class=\"e-font-icon-svg e-far-arrow-alt-circle-down\" viewBox=\"0 0 512 512\" xmlns=\"http:\/\/www.w3.org\/2000\/svg\"><path d=\"M256 8C119 8 8 119 8 256s111 248 248 248 248-111 248-248S393 8 256 8zm0 448c-110.5 0-200-89.5-200-200S145.5 56 256 56s200 89.5 200 200-89.5 200-200 200zm-32-316v116h-67c-10.7 0-16 12.9-8.5 20.5l99 99c4.7 4.7 12.3 4.7 17 0l99-99c7.6-7.6 2.2-20.5-8.5-20.5h-67V140c0-6.6-5.4-12-12-12h-40c-6.6 0-12 5.4-12 12z\"><\/path><\/svg>\t\t\t<\/span>\n\t\t\t\t\t\t\t\t\t<span class=\"elementor-button-text\">Fiche technique <\/span>\n\t\t\t\t\t<\/span>\n\t\t\t\t\t<\/a>\n\t\t\t\t<\/div>\n\t\t\t\t\t\t\t\t<\/div>\n\t\t\t\t<\/div>\n\t\t\t\t<div class=\"elementor-element elementor-element-3e0de3d3 elementor-widget elementor-widget-text-editor\" data-id=\"3e0de3d3\" data-element_type=\"widget\" data-e-type=\"widget\" data-widget_type=\"text-editor.default\">\n\t\t\t\t<div class=\"elementor-widget-container\">\n\t\t\t\t\t\t\t\t\t<h2><a href=\"https:\/\/maroctactile.com\/index.php\/shop\/\">Mur d\u2019Images LED 55\u201d Full HD<\/a><\/h2>\r\n<p data-start=\"425\" data-end=\"751\">Ce mur d\u2019images LED 55 pouces est une solution professionnelle id\u00e9ale pour les centres de contr\u00f4le, salles de r\u00e9union, commerces, halls d\u2019accueil et espaces publicitaires. Dot\u00e9 d\u2019une r\u00e9solution Full HD (1920 \u00d7 1080) et d\u2019une luminosit\u00e9 de 500 cd\/m\u00b2, il garantit une image claire, nette et visible dans tous les environnements.<\/p>\r\n<p data-start=\"753\" data-end=\"1035\">Gr\u00e2ce \u00e0 ses bords ultra-fins de seulement 3,5 mm, il permet de cr\u00e9er des murs vid\u00e9o \u00e9l\u00e9gants et homog\u00e8nes. Ses larges angles de vision de 178\u00b0 assurent une excellente visibilit\u00e9 depuis toutes les positions, tandis que son temps de r\u00e9ponse rapide de 2 ms offre une fluidit\u00e9 optimale.<\/p>\r\n<p data-start=\"1037\" data-end=\"1316\">Le syst\u00e8me propose plusieurs modes d\u2019affichage (plein \u00e9cran, \u00e9cran s\u00e9par\u00e9, affichage partiel) et une compatibilit\u00e9 \u00e9tendue avec diff\u00e9rents syst\u00e8mes Windows. C\u00f4t\u00e9 connectique, il dispose de ports HDMI, DVI, VGA, USB, CVBS (BNC) ainsi que de ports RS232 pour le contr\u00f4le en cha\u00eene.<\/p>\r\n<p data-start=\"1318\" data-end=\"1524\">Facile \u00e0 installer au mur, au sol ou encastr\u00e9, ce mur d\u2019images est con\u00e7u pour fonctionner dans des conditions vari\u00e9es, avec une consommation ma\u00eetris\u00e9e et une grande fiabilit\u00e9 en usage professionnel continu.<\/p>\r\n<a href=\"https:\/\/rachabusinessgroup.com\/produits.php#9\">\u00ab\u00a0D\u00e9couvrez plus de produits ici\u00a0\u00bb<\/a>\t\t\t\t\t\t\t\t<\/div>\n\t\t\t\t<\/div>\n\t\t\t\t\t<\/div>\n\t\t\t\t<\/div>\n\t\t\t\t<\/div>\n\t\t","protected":false},"excerpt":{"rendered":"<p>Mur d\u2019images 55\u201d Full HD avec luminosit\u00e9 500 cd\/m\u00b2, bords ultra-fins 3,5 mm, grands angles de vision, connectiques compl\u00e8tes (HDMI, DVI, VGA, USB, RS232) et installation murale ou sur pied.<\/p>\n","protected":false},"featured_media":4702,"template":"","meta":{"_monsterinsights_skip_tracking":false,"_monsterinsights_sitenote_active":false,"_monsterinsights_sitenote_note":"","_monsterinsights_sitenote_category":0,"site-sidebar-layout":"default","site-content-layout":"","ast-site-content-layout":"default","site-content-style":"default","site-sidebar-style":"default","ast-global-header-display":"","ast-banner-title-visibility":"","ast-main-header-display":"","ast-hfb-above-header-display":"","ast-hfb-below-header-display":"","ast-hfb-mobile-header-display":"","site-post-title":"","ast-breadcrumbs-content":"","ast-featured-img":"","footer-sml-layout":"","ast-disable-related-posts":"","theme-transparent-header-meta":"default","adv-header-id-meta":"","stick-header-meta":"","header-above-stick-meta":"","header-main-stick-meta":"","header-below-stick-meta":"","astra-migrate-meta-layouts":"set","ast-page-background-enabled":"default","ast-page-background-meta":{"desktop":{"background-color":"var(--ast-global-color-4)","background-image":"","background-repeat":"repeat","background-position":"center center","background-size":"auto","background-attachment":"scroll","background-type":"","background-media":"","overlay-type":"","overlay-color":"","overlay-opacity":"","overlay-gradient":""},"tablet":{"background-color":"","background-image":"","background-repeat":"repeat","background-position":"center center","background-size":"auto","background-attachment":"scroll","background-type":"","background-media":"","overlay-type":"","overlay-color":"","overlay-opacity":"","overlay-gradient":""},"mobile":{"background-color":"","background-image":"","background-repeat":"repeat","background-position":"center center","background-size":"auto","background-attachment":"scroll","background-type":"","background-media":"","overlay-type":"","overlay-color":"","overlay-opacity":"","overlay-gradient":""}},"ast-content-background-meta":{"desktop":{"background-color":"var(--ast-global-color-5)","background-image":"","background-repeat":"repeat","background-position":"center center","background-size":"auto","background-attachment":"scroll","background-type":"","background-media":"","overlay-type":"","overlay-color":"","overlay-opacity":"","overlay-gradient":""},"tablet":{"background-color":"var(--ast-global-color-5)","background-image":"","background-repeat":"repeat","background-position":"center center","background-size":"auto","background-attachment":"scroll","background-type":"","background-media":"","overlay-type":"","overlay-color":"","overlay-opacity":"","overlay-gradient":""},"mobile":{"background-color":"var(--ast-global-color-5)","background-image":"","background-repeat":"repeat","background-position":"center center","background-size":"auto","background-attachment":"scroll","background-type":"","background-media":"","overlay-type":"","overlay-color":"","overlay-opacity":"","overlay-gradient":""}}},"product_brand":[],"product_cat":[48],"product_tag":[49],"class_list":{"0":"post-1792","1":"product","2":"type-product","3":"status-publish","4":"has-post-thumbnail","6":"product_cat-mur-dimage","7":"product_tag-mur-dimage","8":"desktop-align-left","9":"tablet-align-left","10":"mobile-align-left","12":"first","13":"instock","14":"sale","15":"taxable","16":"shipping-taxable","17":"purchasable","18":"product-type-simple"},"aioseo_notices":[],"jetpack_sharing_enabled":true,"_links":{"self":[{"href":"https:\/\/maroctactile.com\/index.php\/wp-json\/wp\/v2\/product\/1792","targetHints":{"allow":["GET"]}}],"collection":[{"href":"https:\/\/maroctactile.com\/index.php\/wp-json\/wp\/v2\/product"}],"about":[{"href":"https:\/\/maroctactile.com\/index.php\/wp-json\/wp\/v2\/types\/product"}],"version-history":[{"count":17,"href":"https:\/\/maroctactile.com\/index.php\/wp-json\/wp\/v2\/product\/1792\/revisions"}],"predecessor-version":[{"id":4704,"href":"https:\/\/maroctactile.com\/index.php\/wp-json\/wp\/v2\/product\/1792\/revisions\/4704"}],"wp:featuredmedia":[{"embeddable":true,"href":"https:\/\/maroctactile.com\/index.php\/wp-json\/wp\/v2\/media\/4702"}],"wp:attachment":[{"href":"https:\/\/maroctactile.com\/index.php\/wp-json\/wp\/v2\/media?parent=1792"}],"wp:term":[{"taxonomy":"product_brand","embeddable":true,"href":"https:\/\/maroctactile.com\/index.php\/wp-json\/wp\/v2\/product_brand?post=1792"},{"taxonomy":"product_cat","embeddable":true,"href":"https:\/\/maroctactile.com\/index.php\/wp-json\/wp\/v2\/product_cat?post=1792"},{"taxonomy":"product_tag","embeddable":true,"href":"https:\/\/maroctactile.com\/index.php\/wp-json\/wp\/v2\/product_tag?post=1792"}],"curies":[{"name":"wp","href":"https:\/\/api.w.org\/{rel}","templated":true}]}}