{"id":1802,"date":"2023-12-08T23:11:53","date_gmt":"2023-12-08T23:11:53","guid":{"rendered":"https:\/\/maroctactile.com\/?post_type=product&#038;p=1802"},"modified":"2025-12-13T01:12:24","modified_gmt":"2025-12-13T01:12:24","slug":"hologramme","status":"publish","type":"product","link":"https:\/\/maroctactile.com\/index.php\/produit\/hologramme\/","title":{"rendered":"HOLOGRAMME AU MAROC"},"content":{"rendered":"\t\t<div data-elementor-type=\"wp-post\" data-elementor-id=\"1802\" class=\"elementor elementor-1802\">\n\t\t\t\t<div class=\"elementor-element elementor-element-3e36937 e-flex e-con-boxed e-con e-parent\" data-id=\"3e36937\" data-element_type=\"container\" data-e-type=\"container\">\n\t\t\t\t\t<div class=\"e-con-inner\">\n\t\t\t\t<div class=\"elementor-element elementor-element-367247f elementor-widget elementor-widget-button\" data-id=\"367247f\" data-element_type=\"widget\" data-e-type=\"widget\" data-widget_type=\"button.default\">\n\t\t\t\t<div class=\"elementor-widget-container\">\n\t\t\t\t\t\t\t\t\t<div class=\"elementor-button-wrapper\">\n\t\t\t\t\t<a class=\"elementor-button elementor-button-link elementor-size-sm\" href=\"http:\/\/maroctactile.com\/wp-content\/uploads\/2024\/04\/Classeur21.pdf\">\n\t\t\t\t\t\t<span class=\"elementor-button-content-wrapper\">\n\t\t\t\t\t\t\t\t\t<span class=\"elementor-button-text\">Fiche Technique <\/span>\n\t\t\t\t\t<\/span>\n\t\t\t\t\t<\/a>\n\t\t\t\t<\/div>\n\t\t\t\t\t\t\t\t<\/div>\n\t\t\t\t<\/div>\n\t\t\t\t<div class=\"elementor-element elementor-element-b1af412 elementor-widget elementor-widget-heading\" data-id=\"b1af412\" data-element_type=\"widget\" data-e-type=\"widget\" data-widget_type=\"heading.default\">\n\t\t\t\t<div class=\"elementor-widget-container\">\n\t\t\t\t\t<h2 class=\"elementor-heading-title elementor-size-default\"><font color=\"#0d0d0d\" face=\"S\u00f6hne, ui-sans-serif, system-ui, -apple-system, Segoe UI, Roboto, Ubuntu, Cantarell, Noto Sans, sans-serif, Helvetica Neue, Arial, Apple Color Emoji, Segoe UI Emoji, Segoe UI Symbol, Noto Color Emoji\"><span style=\"font-size: 16px;font-weight: 400\"> <\/span><\/font><br><table>\n<thead>\n<tr>\n<th><strong>Cat\u00e9gorie<\/strong><\/th>\n<th><strong>D\u00e9tails<\/strong><\/th>\n<\/tr>\n<\/thead>\n<tbody>\n<tr>\n<td><strong>Mod\u00e8le<\/strong><\/td>\n<td>SH27042<\/td>\n<\/tr>\n<tr>\n<td><strong>Description<\/strong><\/td>\n<td>Vitrine d'affichage holographique 3D \u00e0 la pointe de la technologie, offrant une exp\u00e9rience visuelle immersive et captivante. Id\u00e9ale pour les pr\u00e9sentations de produits haut de gamme.<\/td>\n<\/tr>\n<tr>\n<td><strong>Type d'interface<\/strong><\/td>\n<td>USB<\/td>\n<\/tr>\n<tr>\n<td><strong>T\u00e9l\u00e9commande<\/strong><\/td>\n<td>Livr\u00e9e avec t\u00e9l\u00e9commande pour une utilisation pratique<\/td>\n<\/tr>\n<tr>\n<td><strong>Syst\u00e8me d'exploitation (OS)<\/strong><\/td>\n<td>Android, offrant compatibilit\u00e9 et convivialit\u00e9 optimales<\/td>\n<\/tr>\n<tr>\n<td><strong>Personnalisable<\/strong><\/td>\n<td>Oui, possibilit\u00e9 de personnaliser selon les besoins sp\u00e9cifiques<\/td>\n<\/tr>\n<tr>\n<td><strong>R\u00e9solution<\/strong><\/td>\n<td>Full HD 1920x1080, images nettes et d\u00e9taill\u00e9es<\/td>\n<\/tr>\n<tr>\n<td><strong>Dimensions<\/strong><\/td>\n<td>Largeur : 83 cm, Profondeur : 57 cm, Hauteur : 53 cm<\/td>\n<\/tr>\n<tr>\n<td><strong>Luminosit\u00e9<\/strong><\/td>\n<td>500 cd\/m\u00b2, visibilit\u00e9 optimale m\u00eame en environnement lumineux<\/td>\n<\/tr>\n<tr>\n<td><strong>Formats vid\u00e9o pris en charge<\/strong><\/td>\n<td>MP4, AVI, WMV, JPEG<\/td>\n<\/tr>\n<tr>\n<td><strong>Ports d'entr\u00e9e<\/strong><\/td>\n<td>USB \/ HDMI<\/td>\n<\/tr>\n<tr>\n<td><strong>Poids<\/strong><\/td>\n<td>117 kg, stabilit\u00e9 et robustesse optimales<\/td>\n<\/tr>\n<tr>\n<td><strong>Taille de l'emballage<\/strong><\/td>\n<td>111 x 80 x 81 cm, transport s\u00fbr et efficace<\/td>\n<\/tr>\n<tr>\n<td><strong>Paquet de transport<\/strong><\/td>\n<td>Livr\u00e9 dans un Flight Case pour protection suppl\u00e9mentaire<\/td>\n<\/tr>\n<tr>\n<td><strong>Sp\u00e9cifications suppl\u00e9mentaires<\/strong><\/td>\n<td>105 x 75 x 60,5 cm, dimensions compactes pour int\u00e9gration facile<\/td>\n<\/tr>\n<tr>\n<td><strong>Marque d\u00e9pos\u00e9e<\/strong><\/td>\n<td>OEM<\/td>\n<\/tr>\n<tr>\n<td><strong>Origine<\/strong><\/td>\n<td>Chine<\/td>\n<\/tr>\n<tr>\n<td><strong>Code SH<\/strong><\/td>\n<td>8521909090<\/td>\n<\/tr>\n<tr>\n<td><strong>Capacit\u00e9 de production<\/strong><\/td>\n<td>3000 pi\u00e8ces\/an, disponibilit\u00e9 suffisante pour r\u00e9pondre \u00e0 la demande<\/td>\n<\/tr>\n<tr>\n<td><strong>Applications<\/strong><\/td>\n<td>Commerce de d\u00e9tail, salons professionnels, mus\u00e9es et galeries d'art, \u00e9v\u00e9nements et lancements de produits<\/td>\n<\/tr>\n<\/tbody><\/table><\/h2>\t\t\t\t<\/div>\n\t\t\t\t<\/div>\n\t\t\t\t\t<\/div>\n\t\t\t\t<\/div>\n\t\t\t\t<\/div>\n\t\t","protected":false},"excerpt":{"rendered":"<\/p>\n<h4>Description:<\/h4>\n<p>Le mod\u00e8le SH27042 est une vitrine d&rsquo;affichage holographique 3D \u00e0 la pointe de la technologie, con\u00e7ue pour offrir une exp\u00e9rience visuelle immersive et captivante. Avec ses fonctionnalit\u00e9s avanc\u00e9es et son design \u00e9l\u00e9gant, cette vitrine est id\u00e9ale pour les pr\u00e9sentations de produits haut de gamme dans divers contextes commerciaux et \u00e9v\u00e9nementiels.<\/p>\n<p>&nbsp;<\/p>\n","protected":false},"featured_media":1801,"template":"","meta":{"_monsterinsights_skip_tracking":false,"_monsterinsights_sitenote_active":false,"_monsterinsights_sitenote_note":"","_monsterinsights_sitenote_category":0,"site-sidebar-layout":"no-sidebar","site-content-layout":"page-builder","ast-site-content-layout":"normal-width-container","site-content-style":"default","site-sidebar-style":"default","ast-global-header-display":"","ast-banner-title-visibility":"","ast-main-header-display":"","ast-hfb-above-header-display":"","ast-hfb-below-header-display":"","ast-hfb-mobile-header-display":"","site-post-title":"disabled","ast-breadcrumbs-content":"","ast-featured-img":"disabled","footer-sml-layout":"","ast-disable-related-posts":"","theme-transparent-header-meta":"default","adv-header-id-meta":"","stick-header-meta":"","header-above-stick-meta":"","header-main-stick-meta":"","header-below-stick-meta":"","astra-migrate-meta-layouts":"set","ast-page-background-enabled":"default","ast-page-background-meta":{"desktop":{"background-color":"var(--ast-global-color-4)","background-image":"","background-repeat":"repeat","background-position":"center center","background-size":"auto","background-attachment":"scroll","background-type":"","background-media":"","overlay-type":"","overlay-color":"","overlay-opacity":"","overlay-gradient":""},"tablet":{"background-color":"","background-image":"","background-repeat":"repeat","background-position":"center center","background-size":"auto","background-attachment":"scroll","background-type":"","background-media":"","overlay-type":"","overlay-color":"","overlay-opacity":"","overlay-gradient":""},"mobile":{"background-color":"","background-image":"","background-repeat":"repeat","background-position":"center center","background-size":"auto","background-attachment":"scroll","background-type":"","background-media":"","overlay-type":"","overlay-color":"","overlay-opacity":"","overlay-gradient":""}},"ast-content-background-meta":{"desktop":{"background-color":"var(--ast-global-color-5)","background-image":"","background-repeat":"repeat","background-position":"center center","background-size":"auto","background-attachment":"scroll","background-type":"","background-media":"","overlay-type":"","overlay-color":"","overlay-opacity":"","overlay-gradient":""},"tablet":{"background-color":"var(--ast-global-color-5)","background-image":"","background-repeat":"repeat","background-position":"center center","background-size":"auto","background-attachment":"scroll","background-type":"","background-media":"","overlay-type":"","overlay-color":"","overlay-opacity":"","overlay-gradient":""},"mobile":{"background-color":"var(--ast-global-color-5)","background-image":"","background-repeat":"repeat","background-position":"center center","background-size":"auto","background-attachment":"scroll","background-type":"","background-media":"","overlay-type":"","overlay-color":"","overlay-opacity":"","overlay-gradient":""}}},"product_brand":[],"product_cat":[50],"product_tag":[],"class_list":{"0":"post-1802","1":"product","2":"type-product","3":"status-publish","4":"has-post-thumbnail","6":"product_cat-hologramme","7":"desktop-align-left","8":"tablet-align-left","9":"mobile-align-left","11":"first","12":"instock","13":"sale","14":"taxable","15":"shipping-taxable","16":"purchasable","17":"product-type-simple"},"aioseo_notices":[],"jetpack_sharing_enabled":true,"_links":{"self":[{"href":"https:\/\/maroctactile.com\/index.php\/wp-json\/wp\/v2\/product\/1802","targetHints":{"allow":["GET"]}}],"collection":[{"href":"https:\/\/maroctactile.com\/index.php\/wp-json\/wp\/v2\/product"}],"about":[{"href":"https:\/\/maroctactile.com\/index.php\/wp-json\/wp\/v2\/types\/product"}],"version-history":[{"count":136,"href":"https:\/\/maroctactile.com\/index.php\/wp-json\/wp\/v2\/product\/1802\/revisions"}],"predecessor-version":[{"id":4606,"href":"https:\/\/maroctactile.com\/index.php\/wp-json\/wp\/v2\/product\/1802\/revisions\/4606"}],"wp:featuredmedia":[{"embeddable":true,"href":"https:\/\/maroctactile.com\/index.php\/wp-json\/wp\/v2\/media\/1801"}],"wp:attachment":[{"href":"https:\/\/maroctactile.com\/index.php\/wp-json\/wp\/v2\/media?parent=1802"}],"wp:term":[{"taxonomy":"product_brand","embeddable":true,"href":"https:\/\/maroctactile.com\/index.php\/wp-json\/wp\/v2\/product_brand?post=1802"},{"taxonomy":"product_cat","embeddable":true,"href":"https:\/\/maroctactile.com\/index.php\/wp-json\/wp\/v2\/product_cat?post=1802"},{"taxonomy":"product_tag","embeddable":true,"href":"https:\/\/maroctactile.com\/index.php\/wp-json\/wp\/v2\/product_tag?post=1802"}],"curies":[{"name":"wp","href":"https:\/\/api.w.org\/{rel}","templated":true}]}}