{"id":1980,"date":"2023-12-11T22:01:55","date_gmt":"2023-12-11T22:01:55","guid":{"rendered":"https:\/\/maroctactile.com\/?post_type=product&#038;p=1980"},"modified":"2025-12-13T00:50:11","modified_gmt":"2025-12-13T00:50:11","slug":"borne-file-dattente","status":"publish","type":"product","link":"https:\/\/maroctactile.com\/index.php\/produit\/borne-file-dattente\/","title":{"rendered":"BORNE FILE D&rsquo;ATTENTE AU MAROC"},"content":{"rendered":"\t\t<div data-elementor-type=\"wp-post\" data-elementor-id=\"1980\" class=\"elementor elementor-1980\">\n\t\t\t\t<div class=\"elementor-element elementor-element-275bdd6 e-flex e-con-boxed e-con e-parent\" data-id=\"275bdd6\" data-element_type=\"container\" data-e-type=\"container\">\n\t\t\t\t\t<div class=\"e-con-inner\">\n\t\t\t\t<div class=\"elementor-element elementor-element-8514fff elementor-widget elementor-widget-button\" data-id=\"8514fff\" data-element_type=\"widget\" data-e-type=\"widget\" data-widget_type=\"button.default\">\n\t\t\t\t<div class=\"elementor-widget-container\">\n\t\t\t\t\t\t\t\t\t<div class=\"elementor-button-wrapper\">\n\t\t\t\t\t<a class=\"elementor-button elementor-button-link elementor-size-sm\" href=\"http:\/\/maroctactile.com\/wp-content\/uploads\/2025\/04\/Borne-file-dattente-FT.pdf\">\n\t\t\t\t\t\t<span class=\"elementor-button-content-wrapper\">\n\t\t\t\t\t\t\t\t\t<span class=\"elementor-button-text\">fiche technique<\/span>\n\t\t\t\t\t<\/span>\n\t\t\t\t\t<\/a>\n\t\t\t\t<\/div>\n\t\t\t\t\t\t\t\t<\/div>\n\t\t\t\t<\/div>\n\t\t\t\t\t<\/div>\n\t\t\t\t<\/div>\n\t\t<div class=\"elementor-element elementor-element-76230830 e-flex e-con-boxed e-con e-parent\" data-id=\"76230830\" data-element_type=\"container\" data-e-type=\"container\">\n\t\t\t\t\t<div class=\"e-con-inner\">\n\t\t\t\t<div class=\"elementor-element elementor-element-6046aaf0 elementor-widget elementor-widget-text-editor\" data-id=\"6046aaf0\" data-element_type=\"widget\" data-e-type=\"widget\" data-widget_type=\"text-editor.default\">\n\t\t\t\t<div class=\"elementor-widget-container\">\n\t\t\t\t\t\t\t\t\t<h2><a href=\"https:\/\/maroctactile.com\/index.php\/shop\/\">BORNE FILE D&rsquo;ATTENTE<\/a><\/h2>\r\nBORNE FILE D&rsquo;ATTENTE AVEC UN \u00c9CRAN 21,5&Prime; (55cm) IIYAMA 2236MSC\r\nR\u00e9solution 1920&#215;1080\r\nTactile Capacitive projet\u00e9e, multitouch (10 points tactiles)\r\nAngle de vue horizontal\/vertical: 178\u00b0\/178\u00b0; droit\/gauche:\r\n89\u00b0\/89\u00b0; en avant\/en arri\u00e8re: 89\u00b0\/89\u00b0\r\nLuminosit\u00e9 225cd\/m2\r\nContraste 5 000 000:1\r\nTemps de r\u00e9ponse 12 ms\r\n\r\nPORTS ET CONNECTEURS\r\nEntr\u00e9e analogique VGA\r\nEntr\u00e9e digitale DVI-D, HDMI\r\nEntr\u00e9es USB, USB 3.0\r\nHAUTS-PARLEURS 2&#215;2 W (Stereo)\r\nVESA 100 x 100 mm\r\n\r\nACCESSOIRES c\u00e2ble d\u2019alimentation, c\u00e2ble VGA, c\u00e2ble DVI,\r\nc\u00e2ble USB, c\u00e2ble audio, guide de d\u00e9marrage rapide, guide de s\u00e9curit\u00e9\r\n\r\nENERGIE\r\nAlimentation AC 100 &#8211; 240 V, 50\/60 Hz\r\nPuissance 23 W typique; 0.5 W en mode veille\r\n\r\n<a href=\"https:\/\/rachabusinessgroup.com\/produits.php#3\">\u00ab\u00a0D\u00e9couvrez plus de produits ici\u00a0\u00bb<\/a>\t\t\t\t\t\t\t\t<\/div>\n\t\t\t\t<\/div>\n\t\t\t\t\t<\/div>\n\t\t\t\t<\/div>\n\t\t\t\t<\/div>\n\t\t","protected":false},"excerpt":{"rendered":"<\/p>\n<p>D\u00e9couvrez notre borne file d&rsquo;attente avec l&rsquo;\u00e9cran tactile IIYAMA 2236MSC de 21,5&Prime; (55cm), offrant une r\u00e9solution de 1920&#215;1080, une luminosit\u00e9 de 225cd\/m2 et un contraste de 5 000 000:1. Gr\u00e2ce \u00e0 sa technologie tactile avanc\u00e9e, ses multiples ports et sa conception compl\u00e8te, cette borne assure une exp\u00e9rience utilisateur fluide et interactive.<\/p>\n","protected":false},"featured_media":3659,"template":"","meta":{"_monsterinsights_skip_tracking":false,"_monsterinsights_sitenote_active":false,"_monsterinsights_sitenote_note":"","_monsterinsights_sitenote_category":0,"site-sidebar-layout":"default","site-content-layout":"","ast-site-content-layout":"default","site-content-style":"default","site-sidebar-style":"default","ast-global-header-display":"","ast-banner-title-visibility":"","ast-main-header-display":"","ast-hfb-above-header-display":"","ast-hfb-below-header-display":"","ast-hfb-mobile-header-display":"","site-post-title":"","ast-breadcrumbs-content":"","ast-featured-img":"","footer-sml-layout":"","ast-disable-related-posts":"","theme-transparent-header-meta":"default","adv-header-id-meta":"","stick-header-meta":"","header-above-stick-meta":"","header-main-stick-meta":"","header-below-stick-meta":"","astra-migrate-meta-layouts":"set","ast-page-background-enabled":"default","ast-page-background-meta":{"desktop":{"background-color":"var(--ast-global-color-4)","background-image":"","background-repeat":"repeat","background-position":"center center","background-size":"auto","background-attachment":"scroll","background-type":"","background-media":"","overlay-type":"","overlay-color":"","overlay-opacity":"","overlay-gradient":""},"tablet":{"background-color":"","background-image":"","background-repeat":"repeat","background-position":"center center","background-size":"auto","background-attachment":"scroll","background-type":"","background-media":"","overlay-type":"","overlay-color":"","overlay-opacity":"","overlay-gradient":""},"mobile":{"background-color":"","background-image":"","background-repeat":"repeat","background-position":"center center","background-size":"auto","background-attachment":"scroll","background-type":"","background-media":"","overlay-type":"","overlay-color":"","overlay-opacity":"","overlay-gradient":""}},"ast-content-background-meta":{"desktop":{"background-color":"var(--ast-global-color-5)","background-image":"","background-repeat":"repeat","background-position":"center center","background-size":"auto","background-attachment":"scroll","background-type":"","background-media":"","overlay-type":"","overlay-color":"","overlay-opacity":"","overlay-gradient":""},"tablet":{"background-color":"var(--ast-global-color-5)","background-image":"","background-repeat":"repeat","background-position":"center center","background-size":"auto","background-attachment":"scroll","background-type":"","background-media":"","overlay-type":"","overlay-color":"","overlay-opacity":"","overlay-gradient":""},"mobile":{"background-color":"var(--ast-global-color-5)","background-image":"","background-repeat":"repeat","background-position":"center center","background-size":"auto","background-attachment":"scroll","background-type":"","background-media":"","overlay-type":"","overlay-color":"","overlay-opacity":"","overlay-gradient":""}}},"product_brand":[],"product_cat":[51],"product_tag":[],"class_list":{"0":"post-1980","1":"product","2":"type-product","3":"status-publish","4":"has-post-thumbnail","6":"product_cat-borne-tactile-22-pouces","7":"desktop-align-left","8":"tablet-align-left","9":"mobile-align-left","11":"first","12":"instock","13":"sale","14":"taxable","15":"shipping-taxable","16":"purchasable","17":"product-type-variable"},"aioseo_notices":[],"jetpack_sharing_enabled":true,"_links":{"self":[{"href":"https:\/\/maroctactile.com\/index.php\/wp-json\/wp\/v2\/product\/1980","targetHints":{"allow":["GET"]}}],"collection":[{"href":"https:\/\/maroctactile.com\/index.php\/wp-json\/wp\/v2\/product"}],"about":[{"href":"https:\/\/maroctactile.com\/index.php\/wp-json\/wp\/v2\/types\/product"}],"version-history":[{"count":16,"href":"https:\/\/maroctactile.com\/index.php\/wp-json\/wp\/v2\/product\/1980\/revisions"}],"predecessor-version":[{"id":4576,"href":"https:\/\/maroctactile.com\/index.php\/wp-json\/wp\/v2\/product\/1980\/revisions\/4576"}],"wp:featuredmedia":[{"embeddable":true,"href":"https:\/\/maroctactile.com\/index.php\/wp-json\/wp\/v2\/media\/3659"}],"wp:attachment":[{"href":"https:\/\/maroctactile.com\/index.php\/wp-json\/wp\/v2\/media?parent=1980"}],"wp:term":[{"taxonomy":"product_brand","embeddable":true,"href":"https:\/\/maroctactile.com\/index.php\/wp-json\/wp\/v2\/product_brand?post=1980"},{"taxonomy":"product_cat","embeddable":true,"href":"https:\/\/maroctactile.com\/index.php\/wp-json\/wp\/v2\/product_cat?post=1980"},{"taxonomy":"product_tag","embeddable":true,"href":"https:\/\/maroctactile.com\/index.php\/wp-json\/wp\/v2\/product_tag?post=1980"}],"curies":[{"name":"wp","href":"https:\/\/api.w.org\/{rel}","templated":true}]}}