{"id":2093,"date":"2023-12-14T20:17:49","date_gmt":"2023-12-14T20:17:49","guid":{"rendered":"https:\/\/maroctactile.com\/?post_type=product&#038;p=2093"},"modified":"2026-02-25T12:38:58","modified_gmt":"2026-02-25T12:38:58","slug":"pupitres-numeriques","status":"publish","type":"product","link":"https:\/\/maroctactile.com\/index.php\/produit\/pupitres-numeriques\/","title":{"rendered":"Pupitres Num\u00e9riques Multim\u00e9dias au Maroc"},"content":{"rendered":"\t\t<div data-elementor-type=\"wp-post\" data-elementor-id=\"2093\" class=\"elementor elementor-2093\">\n\t\t\t\t<div class=\"elementor-element elementor-element-79734cd9 e-flex e-con-boxed e-con e-parent\" data-id=\"79734cd9\" data-element_type=\"container\" data-e-type=\"container\">\n\t\t\t\t\t<div class=\"e-con-inner\">\n\t\t\t\t<div class=\"elementor-element elementor-element-a6c5507 elementor-widget elementor-widget-button\" data-id=\"a6c5507\" data-element_type=\"widget\" data-e-type=\"widget\" data-widget_type=\"button.default\">\n\t\t\t\t<div class=\"elementor-widget-container\">\n\t\t\t\t\t\t\t\t\t<div class=\"elementor-button-wrapper\">\n\t\t\t\t\t<a class=\"elementor-button elementor-button-link elementor-size-sm\" href=\"http:\/\/maroctactile.com\/wp-content\/uploads\/2026\/02\/Pupitre-digital-43P-32P-fiche-technique-.pdf\">\n\t\t\t\t\t\t<span class=\"elementor-button-content-wrapper\">\n\t\t\t\t\t\t<span class=\"elementor-button-icon\">\n\t\t\t\t<svg aria-hidden=\"true\" class=\"e-font-icon-svg e-far-check-circle\" viewBox=\"0 0 512 512\" xmlns=\"http:\/\/www.w3.org\/2000\/svg\"><path d=\"M256 8C119.033 8 8 119.033 8 256s111.033 248 248 248 248-111.033 248-248S392.967 8 256 8zm0 48c110.532 0 200 89.451 200 200 0 110.532-89.451 200-200 200-110.532 0-200-89.451-200-200 0-110.532 89.451-200 200-200m140.204 130.267l-22.536-22.718c-4.667-4.705-12.265-4.736-16.97-.068L215.346 303.697l-59.792-60.277c-4.667-4.705-12.265-4.736-16.97-.069l-22.719 22.536c-4.705 4.667-4.736 12.265-.068 16.971l90.781 91.516c4.667 4.705 12.265 4.736 16.97.068l172.589-171.204c4.704-4.668 4.734-12.266.067-16.971z\"><\/path><\/svg>\t\t\t<\/span>\n\t\t\t\t\t\t\t\t\t<span class=\"elementor-button-text\">Fiche technique<\/span>\n\t\t\t\t\t<\/span>\n\t\t\t\t\t<\/a>\n\t\t\t\t<\/div>\n\t\t\t\t\t\t\t\t<\/div>\n\t\t\t\t<\/div>\n\t\t\t\t<div class=\"elementor-element elementor-element-25aaf32e elementor-widget elementor-widget-text-editor\" data-id=\"25aaf32e\" data-element_type=\"widget\" data-e-type=\"widget\" data-widget_type=\"text-editor.default\">\n\t\t\t\t<div class=\"elementor-widget-container\">\n\t\t\t\t\t\t\t\t\t<h2><a href=\"https:\/\/maroctactile.com\/index.php\/shop\/\">Pupitres num\u00e9riques multim\u00e9dias au Maroc\u00a0<\/a><\/h2><p>Avec les pupitres num\u00e9riques multim\u00e9dias, vos pr\u00e9sentations sont maintenant encore plus convaincantes.Rehaussez la qualit\u00e9 et l&rsquo;impact de vos pr\u00e9sentations avec nos pupitres num\u00e9riques multim\u00e9dias de pointe. Con\u00e7us pour offrir une exp\u00e9rience utilisateur fluide et interactive, ces pupitres sont parfaits pour divers types d&rsquo;\u00e9v\u00e9nements, des conf\u00e9rences aux <a href=\"https:\/\/top-stands.com\/\">expositions<\/a>.<\/p><p><strong>Fonctionnalit\u00e9s Cl\u00e9s<\/strong><\/p><ol><li><strong>Plug-and-Play avec Cl\u00e9 USB<\/strong><ul><li>Simplifiez votre pr\u00e9paration en branchant simplement votre cl\u00e9 USB contenant la pr\u00e9sentation. Le pupitre permet une prise en main imm\u00e9diate gr\u00e2ce \u00e0 son \u00e9cran tactile intuitif.<\/li><\/ul><\/li><li><strong>Diffusion Multi-\u00c9cran<\/strong><ul><li>Partagez votre contenu en temps r\u00e9el sur des \u00e9crans externes ou des vid\u00e9oprojecteurs gr\u00e2ce aux multiples ports de sortie (HDMI, et Audio). Assurez une visibilit\u00e9 maximale \u00e0 votre audience, qu&rsquo;elle soit en salle ou \u00e0 distance.<\/li><\/ul><\/li><li><strong>\u00c9cran Frontale Full HD 43\u2019\u2019<\/strong><ul><li>Un \u00e9cran de 43 pouces, avec une luminosit\u00e9 de 450cd\/m2, est int\u00e9gr\u00e9 \u00e0 l&rsquo;avant du pupitre. Utilisez-le pour afficher des informations sur le pr\u00e9sentateur, des d\u00e9tails sur la pr\u00e9sentation ou m\u00eame des publicit\u00e9s et logos pour une communication optimale.<\/li><\/ul><\/li><li><strong>\u00c9cran Lecturier Haute R\u00e9solution de 24&Prime;<\/strong><ul><li>Profitez d&rsquo;un \u00e9cran de contr\u00f4le de 24 pouces haute r\u00e9solution avec un syst\u00e8me tactile IR 10 points de contact, garantissant une r\u00e9activit\u00e9 et une pr\u00e9cision exemplaires.<\/li><\/ul><\/li><li><strong>PC Embarqu\u00e9 Performant<\/strong><ul><li>\u00c9quip\u00e9 d&rsquo;un PC embarqu\u00e9 SSD haute performance et fonctionnant sous Windows 10 ou 11 , ce pupitre assure une rapidit\u00e9 et une fluidit\u00e9 d&rsquo;utilisation pour toutes vos applications.<\/li><\/ul><\/li><li><strong>Microphone Professionnel shure<\/strong><ul><li>Un microphone de haute qualit\u00e9, mont\u00e9 sur un col de cygne, assure une capture sonore claire et nette, id\u00e9ale pour les discours et les pr\u00e9sentations.<\/li><\/ul><\/li><\/ol><p>Nos pupitres num\u00e9riques multim\u00e9dias sont con\u00e7us pour r\u00e9volutionner vos pr\u00e9sentations, en alliant technologie avanc\u00e9e et facilit\u00e9 d&rsquo;utilisation. Transformez chaque \u00e9v\u00e9nement en une exp\u00e9rience m\u00e9morable pour votre public gr\u00e2ce \u00e0 ces solutions interactives et hautement performantes.<\/p><p><a href=\"https:\/\/rachabusinessgroup.com\/produits.php#9\">\u00ab\u00a0D\u00e9couvrez plus de produits ici\u00a0\u00bb<\/a><\/p>\t\t\t\t\t\t\t\t<\/div>\n\t\t\t\t<\/div>\n\t\t\t\t\t<\/div>\n\t\t\t\t<\/div>\n\t\t\t\t<\/div>\n\t\t","protected":false},"excerpt":{"rendered":"<p><strong>Pupitres num\u00e9riques multim\u00e9dias au Maroc,<\/strong> vos pr\u00e9sentations sont maintenant encore plus convaincantes. Il ne vous reste plus qu\u2019\u00e0 brancher votre cl\u00e9 USB contenant le fichier de votre pr\u00e9sentation pr\u00e9par\u00e9e au pr\u00e9alable, et prendre le contr\u00f4le de celle-ci gr\u00e2ce \u00e0 l\u2019\u00e9cran tactile lecturier en live. Cette pr\u00e9sentation pourra \u00eatre transmise au vid\u00e9oprojecteur ou \u00e0 l\u2019\u00e9crans d\u2019affichage de grande taille, ou encore la sonorisation de la salle via les ports de sorties HDMI, et Audio.<br \/>\nEt pour la cerise sur le g\u00e2teau, un \u00e9cran 43\u2019\u2019 Full HD 450cd\/m2 en verticale a \u00e9t\u00e9 int\u00e9gr\u00e9 en face avant du pupitre, pour passer des informations sur le pr\u00e9sentateur, sur sa pr\u00e9sentation, ou seulement un logo ou une publicit\u00e9.<br \/>\n\u25a0 Ecran lecturier 22\u2033 haute r\u00e9solution<br \/>\n\u25a0 Tactile IR 10 points de contacts<br \/>\n\u25a0 Ecran de fa\u00e7ade 43\u2019\u2019 Full HD 450cd\/m2<br \/>\n\u25a0 PC embarqu\u00e9 SSD hautes performances<br \/>\n\u25a0 OS Windows<br \/>\n\u25a0\u00a0Sortie Vid\u00e9o &amp; Audio pour int\u00e9gration \u00e0 la projection et sonorisation de la salle<br \/>\n\u25a0 Prise alimentation secteur<br \/>\n\u25a0 Microphone professionnels col de cygne<\/p>\n<p><a href=\"https:\/\/digitactile.com\/index.php\/produit\/pupitres-numeriques\/\">\u00ab\u00a0D\u00e9couvrez plus de produits ici\u00a0\u00bb<\/a><\/p>\n","protected":false},"featured_media":2570,"template":"","meta":{"_monsterinsights_skip_tracking":false,"_monsterinsights_sitenote_active":false,"_monsterinsights_sitenote_note":"","_monsterinsights_sitenote_category":0,"site-sidebar-layout":"default","site-content-layout":"","ast-site-content-layout":"default","site-content-style":"default","site-sidebar-style":"default","ast-global-header-display":"","ast-banner-title-visibility":"","ast-main-header-display":"","ast-hfb-above-header-display":"","ast-hfb-below-header-display":"","ast-hfb-mobile-header-display":"","site-post-title":"","ast-breadcrumbs-content":"","ast-featured-img":"","footer-sml-layout":"","ast-disable-related-posts":"","theme-transparent-header-meta":"default","adv-header-id-meta":"","stick-header-meta":"","header-above-stick-meta":"","header-main-stick-meta":"","header-below-stick-meta":"","astra-migrate-meta-layouts":"set","ast-page-background-enabled":"default","ast-page-background-meta":{"desktop":{"background-color":"var(--ast-global-color-4)","background-image":"","background-repeat":"repeat","background-position":"center center","background-size":"auto","background-attachment":"scroll","background-type":"","background-media":"","overlay-type":"","overlay-color":"","overlay-opacity":"","overlay-gradient":""},"tablet":{"background-color":"","background-image":"","background-repeat":"repeat","background-position":"center center","background-size":"auto","background-attachment":"scroll","background-type":"","background-media":"","overlay-type":"","overlay-color":"","overlay-opacity":"","overlay-gradient":""},"mobile":{"background-color":"","background-image":"","background-repeat":"repeat","background-position":"center center","background-size":"auto","background-attachment":"scroll","background-type":"","background-media":"","overlay-type":"","overlay-color":"","overlay-opacity":"","overlay-gradient":""}},"ast-content-background-meta":{"desktop":{"background-color":"var(--ast-global-color-5)","background-image":"","background-repeat":"repeat","background-position":"center center","background-size":"auto","background-attachment":"scroll","background-type":"","background-media":"","overlay-type":"","overlay-color":"","overlay-opacity":"","overlay-gradient":""},"tablet":{"background-color":"var(--ast-global-color-5)","background-image":"","background-repeat":"repeat","background-position":"center center","background-size":"auto","background-attachment":"scroll","background-type":"","background-media":"","overlay-type":"","overlay-color":"","overlay-opacity":"","overlay-gradient":""},"mobile":{"background-color":"var(--ast-global-color-5)","background-image":"","background-repeat":"repeat","background-position":"center center","background-size":"auto","background-attachment":"scroll","background-type":"","background-media":"","overlay-type":"","overlay-color":"","overlay-opacity":"","overlay-gradient":""}}},"product_brand":[],"product_cat":[55],"product_tag":[54,59],"class_list":{"0":"post-2093","1":"product","2":"type-product","3":"status-publish","4":"has-post-thumbnail","6":"product_cat-pupitre-tactile","7":"product_tag-ecran-interactif","8":"product_tag-pupitre","9":"desktop-align-left","10":"tablet-align-left","11":"mobile-align-left","13":"first","14":"instock","15":"sale","16":"taxable","17":"shipping-taxable","18":"purchasable","19":"product-type-simple"},"aioseo_notices":[],"jetpack_sharing_enabled":true,"_links":{"self":[{"href":"https:\/\/maroctactile.com\/index.php\/wp-json\/wp\/v2\/product\/2093","targetHints":{"allow":["GET"]}}],"collection":[{"href":"https:\/\/maroctactile.com\/index.php\/wp-json\/wp\/v2\/product"}],"about":[{"href":"https:\/\/maroctactile.com\/index.php\/wp-json\/wp\/v2\/types\/product"}],"version-history":[{"count":80,"href":"https:\/\/maroctactile.com\/index.php\/wp-json\/wp\/v2\/product\/2093\/revisions"}],"predecessor-version":[{"id":4830,"href":"https:\/\/maroctactile.com\/index.php\/wp-json\/wp\/v2\/product\/2093\/revisions\/4830"}],"wp:featuredmedia":[{"embeddable":true,"href":"https:\/\/maroctactile.com\/index.php\/wp-json\/wp\/v2\/media\/2570"}],"wp:attachment":[{"href":"https:\/\/maroctactile.com\/index.php\/wp-json\/wp\/v2\/media?parent=2093"}],"wp:term":[{"taxonomy":"product_brand","embeddable":true,"href":"https:\/\/maroctactile.com\/index.php\/wp-json\/wp\/v2\/product_brand?post=2093"},{"taxonomy":"product_cat","embeddable":true,"href":"https:\/\/maroctactile.com\/index.php\/wp-json\/wp\/v2\/product_cat?post=2093"},{"taxonomy":"product_tag","embeddable":true,"href":"https:\/\/maroctactile.com\/index.php\/wp-json\/wp\/v2\/product_tag?post=2093"}],"curies":[{"name":"wp","href":"https:\/\/api.w.org\/{rel}","templated":true}]}}