{"id":243,"date":"2021-08-18T03:28:06","date_gmt":"2021-08-18T03:28:06","guid":{"rendered":"https:\/\/maroctactile.com\/index.php\/product\/birdnest-japanese\/"},"modified":"2026-01-08T20:17:50","modified_gmt":"2026-01-08T20:17:50","slug":"borne-interactive","status":"publish","type":"product","link":"https:\/\/maroctactile.com\/index.php\/produit\/borne-interactive\/","title":{"rendered":"Borne interactive 43 Tactile"},"content":{"rendered":"\t\t<div data-elementor-type=\"wp-post\" data-elementor-id=\"243\" class=\"elementor elementor-243\">\n\t\t\t\t\t\t<section class=\"elementor-section elementor-top-section elementor-element elementor-element-8564e64 elementor-section-boxed elementor-section-height-default elementor-section-height-default\" data-id=\"8564e64\" data-element_type=\"section\" data-e-type=\"section\">\n\t\t\t\t\t\t<div class=\"elementor-container elementor-column-gap-no\">\n\t\t\t\t\t<div class=\"elementor-column elementor-col-100 elementor-top-column elementor-element elementor-element-a64081d\" data-id=\"a64081d\" data-element_type=\"column\" data-e-type=\"column\">\n\t\t\t<div class=\"elementor-widget-wrap elementor-element-populated\">\n\t\t\t\t\t\t<div class=\"elementor-element elementor-element-f4ca3ac elementor-widget elementor-widget-button\" data-id=\"f4ca3ac\" data-element_type=\"widget\" data-e-type=\"widget\" data-widget_type=\"button.default\">\n\t\t\t\t<div class=\"elementor-widget-container\">\n\t\t\t\t\t\t\t\t\t<div class=\"elementor-button-wrapper\">\n\t\t\t\t\t<a class=\"elementor-button elementor-button-link elementor-size-sm\" href=\"http:\/\/maroctactile.com\/wp-content\/uploads\/2025\/01\/Borne-tactile-43P-android-.pdf\">\n\t\t\t\t\t\t<span class=\"elementor-button-content-wrapper\">\n\t\t\t\t\t\t<span class=\"elementor-button-icon\">\n\t\t\t\t<svg aria-hidden=\"true\" class=\"e-font-icon-svg e-far-check-circle\" viewBox=\"0 0 512 512\" xmlns=\"http:\/\/www.w3.org\/2000\/svg\"><path d=\"M256 8C119.033 8 8 119.033 8 256s111.033 248 248 248 248-111.033 248-248S392.967 8 256 8zm0 48c110.532 0 200 89.451 200 200 0 110.532-89.451 200-200 200-110.532 0-200-89.451-200-200 0-110.532 89.451-200 200-200m140.204 130.267l-22.536-22.718c-4.667-4.705-12.265-4.736-16.97-.068L215.346 303.697l-59.792-60.277c-4.667-4.705-12.265-4.736-16.97-.069l-22.719 22.536c-4.705 4.667-4.736 12.265-.068 16.971l90.781 91.516c4.667 4.705 12.265 4.736 16.97.068l172.589-171.204c4.704-4.668 4.734-12.266.067-16.971z\"><\/path><\/svg>\t\t\t<\/span>\n\t\t\t\t\t\t\t\t\t<span class=\"elementor-button-text\">Fiche technique <\/span>\n\t\t\t\t\t<\/span>\n\t\t\t\t\t<\/a>\n\t\t\t\t<\/div>\n\t\t\t\t\t\t\t\t<\/div>\n\t\t\t\t<\/div>\n\t\t\t\t<div class=\"elementor-element elementor-element-93da05a elementor-widget elementor-widget-heading\" data-id=\"93da05a\" data-element_type=\"widget\" data-e-type=\"widget\" data-widget_type=\"heading.default\">\n\t\t\t\t<div class=\"elementor-widget-container\">\n\t\t\t\t\t<h4 class=\"elementor-heading-title elementor-size-default\">Description:<\/h4>\t\t\t\t<\/div>\n\t\t\t\t<\/div>\n\t\t\t\t<div class=\"elementor-element elementor-element-4361427 elementor-widget elementor-widget-text-editor\" data-id=\"4361427\" data-element_type=\"widget\" data-e-type=\"widget\" data-widget_type=\"text-editor.default\">\n\t\t\t\t<div class=\"elementor-widget-container\">\n\t\t\t\t\t\t\t\t\t<div class=\"StyleWrapper_wrapper \" style=\"box-sizing: inherit;\"><div class=\"Details_description\" style=\"box-sizing: inherit;\"><div id=\"description_i8g8c3zru\" class=\"fr-view\" style=\"box-sizing: inherit;\"><p>La <strong data-start=\"93\" data-end=\"122\">borne interactive tactile<\/strong> est id\u00e9ale pour les espaces publics comme les commerces, salons, \u00e9v\u00e9nements, et lieux m\u00e9dicaux. Disponible en <strong data-start=\"233\" data-end=\"240\">43&Prime;<\/strong>, <strong data-start=\"242\" data-end=\"249\">50&Prime;<\/strong>, elle offre une performance fluide, <strong data-start=\"304\" data-end=\"319\">2 Go de RAM<\/strong> et <strong data-start=\"323\" data-end=\"345\">32 Go de stockage<\/strong>.<\/p><p><strong data-start=\"348\" data-end=\"382\">Caract\u00e9ristiques principales :<\/strong><\/p><p class=\"\" data-start=\"386\" data-end=\"458\"><strong data-start=\"386\" data-end=\"403\">\u00c9cran FULL HD<\/strong> lumineux (500 cd\/m\u00b2), con\u00e7u pour une utilisation 24\/7.<\/p><p class=\"\" data-start=\"461\" data-end=\"550\"><strong data-start=\"461\" data-end=\"486\">Touchscreen 10 points<\/strong> : Interaction fluide avec plusieurs utilisateurs simultan\u00e9ment.<\/p><p class=\"\" data-start=\"553\" data-end=\"638\"><strong data-start=\"553\" data-end=\"581\">Mode Paysage ou Portrait<\/strong> : Flexible pour navigation, information et inscriptions.<\/p><p class=\"\" data-start=\"641\" data-end=\"725\"><strong data-start=\"641\" data-end=\"657\">Applications<\/strong> : Consultation, self-service, navigation, affichage d\u2019informations.<\/p><p class=\"\" data-start=\"728\" data-end=\"786\"><strong data-start=\"728\" data-end=\"744\">Connectivit\u00e9<\/strong> : Wi-Fi, USB.<\/p><p class=\"\" data-start=\"789\" data-end=\"862\"><strong data-start=\"789\" data-end=\"814\">Installation Flexible<\/strong> : Fixation au sol ou roulettes (r\u00e9f. 150-0003).<\/p><p class=\"\" data-start=\"865\" data-end=\"928\"><strong data-start=\"865\" data-end=\"891\">Design Personnalisable<\/strong> : Adaptable \u00e0 votre image de marque.<\/p><p><strong data-start=\"930\" data-end=\"964\">Pourquoi choisir cette borne ?<\/strong><\/p><p class=\"\" data-start=\"968\" data-end=\"1054\"><strong data-start=\"968\" data-end=\"984\">Performances<\/strong> : 2 Go de RAM et 32 Go de stockage pour des applications intensives.<\/p><p class=\"\" data-start=\"1057\" data-end=\"1130\"><strong data-start=\"1057\" data-end=\"1075\">Design \u00c9l\u00e9gant<\/strong> : S\u2019int\u00e8gre parfaitement dans tous les environnements.<\/p><p class=\"\" data-start=\"1133\" data-end=\"1216\"><strong data-start=\"1133\" data-end=\"1147\">Durabilit\u00e9<\/strong> : Parfaite pour une utilisation 24\/7 dans des espaces \u00e0 fort trafic.<\/p><p><strong data-start=\"1218\" data-end=\"1236\">Applications :<\/strong><\/p><p class=\"\" data-start=\"1239\" data-end=\"1268\">Commerces, salons, \u00e9v\u00e9nements<\/p><p class=\"\" data-start=\"1271\" data-end=\"1306\">H\u00f4pitaux et \u00e9tablissements de sant\u00e9<\/p><p class=\"\" data-start=\"1309\" data-end=\"1334\">Espaces publics et mus\u00e9es<\/p><\/div><\/div><\/div><div class=\"StyleWrapper_wrapper \" style=\"box-sizing: inherit; margin-bottom: 0px;\"><div class=\"Details_block-specs\" style=\"box-sizing: inherit;\">\u00a0<\/div><\/div>\t\t\t\t\t\t\t\t<\/div>\n\t\t\t\t<\/div>\n\t\t\t\t\t<\/div>\n\t\t<\/div>\n\t\t\t\t\t<\/div>\n\t\t<\/section>\n\t\t\t\t<\/div>\n\t\t","protected":false},"excerpt":{"rendered":"<\/p>\n<p>D\u00e9couvrez nos bornes interactives tactiles, id\u00e9ales pour les commerces, salons, \u00e9v\u00e9nements et espaces publics. Disponibles en <strong data-start=\"236\" data-end=\"243\">43&Prime;<\/strong>, <strong data-start=\"245\" data-end=\"252\">50&Prime;<\/strong> et <strong data-start=\"256\" data-end=\"263\">55&Prime;<\/strong>, elles offrent un <strong data-start=\"282\" data-end=\"299\">\u00e9cran FULL HD<\/strong>, une <strong data-start=\"305\" data-end=\"343\">prise en charge 10 points tactiles<\/strong>, et sont con\u00e7ues pour une utilisation 24\/7. Performantes, \u00e9l\u00e9gantes et personnalisables, elles s\u2019int\u00e8grent parfaitement dans tous les environnements professionnels.<\/p>\n","protected":false},"featured_media":1458,"template":"","meta":{"_monsterinsights_skip_tracking":false,"_monsterinsights_sitenote_active":false,"_monsterinsights_sitenote_note":"","_monsterinsights_sitenote_category":0,"site-sidebar-layout":"default","site-content-layout":"content-boxed-container","ast-site-content-layout":"normal-width-container","site-content-style":"boxed","site-sidebar-style":"unboxed","ast-global-header-display":"","ast-banner-title-visibility":"","ast-main-header-display":"","ast-hfb-above-header-display":"","ast-hfb-below-header-display":"","ast-hfb-mobile-header-display":"","site-post-title":"","ast-breadcrumbs-content":"","ast-featured-img":"","footer-sml-layout":"","ast-disable-related-posts":"","theme-transparent-header-meta":"default","adv-header-id-meta":"","stick-header-meta":"","header-above-stick-meta":"","header-main-stick-meta":"","header-below-stick-meta":"","astra-migrate-meta-layouts":"set","ast-page-background-enabled":"default","ast-page-background-meta":{"desktop":{"background-color":"var(--ast-global-color-4)","background-image":"","background-repeat":"repeat","background-position":"center center","background-size":"auto","background-attachment":"scroll","background-type":"","background-media":"","overlay-type":"","overlay-color":"","overlay-opacity":"","overlay-gradient":""},"tablet":{"background-color":"","background-image":"","background-repeat":"repeat","background-position":"center center","background-size":"auto","background-attachment":"scroll","background-type":"","background-media":"","overlay-type":"","overlay-color":"","overlay-opacity":"","overlay-gradient":""},"mobile":{"background-color":"","background-image":"","background-repeat":"repeat","background-position":"center center","background-size":"auto","background-attachment":"scroll","background-type":"","background-media":"","overlay-type":"","overlay-color":"","overlay-opacity":"","overlay-gradient":""}},"ast-content-background-meta":{"desktop":{"background-color":"var(--ast-global-color-5)","background-image":"","background-repeat":"repeat","background-position":"center center","background-size":"auto","background-attachment":"scroll","background-type":"","background-media":"","overlay-type":"","overlay-color":"","overlay-opacity":"","overlay-gradient":""},"tablet":{"background-color":"var(--ast-global-color-5)","background-image":"","background-repeat":"repeat","background-position":"center center","background-size":"auto","background-attachment":"scroll","background-type":"","background-media":"","overlay-type":"","overlay-color":"","overlay-opacity":"","overlay-gradient":""},"mobile":{"background-color":"var(--ast-global-color-5)","background-image":"","background-repeat":"repeat","background-position":"center center","background-size":"auto","background-attachment":"scroll","background-type":"","background-media":"","overlay-type":"","overlay-color":"","overlay-opacity":"","overlay-gradient":""}}},"product_brand":[],"product_cat":[42],"product_tag":[45],"class_list":{"0":"post-243","1":"product","2":"type-product","3":"status-publish","4":"has-post-thumbnail","6":"product_cat-borne-tactile","7":"product_tag-borne-tactile","8":"desktop-align-left","9":"tablet-align-left","10":"mobile-align-left","12":"first","13":"instock","14":"sale","15":"taxable","16":"shipping-taxable","17":"purchasable","18":"product-type-variable"},"aioseo_notices":[],"jetpack_sharing_enabled":true,"_links":{"self":[{"href":"https:\/\/maroctactile.com\/index.php\/wp-json\/wp\/v2\/product\/243","targetHints":{"allow":["GET"]}}],"collection":[{"href":"https:\/\/maroctactile.com\/index.php\/wp-json\/wp\/v2\/product"}],"about":[{"href":"https:\/\/maroctactile.com\/index.php\/wp-json\/wp\/v2\/types\/product"}],"version-history":[{"count":94,"href":"https:\/\/maroctactile.com\/index.php\/wp-json\/wp\/v2\/product\/243\/revisions"}],"predecessor-version":[{"id":4659,"href":"https:\/\/maroctactile.com\/index.php\/wp-json\/wp\/v2\/product\/243\/revisions\/4659"}],"wp:featuredmedia":[{"embeddable":true,"href":"https:\/\/maroctactile.com\/index.php\/wp-json\/wp\/v2\/media\/1458"}],"wp:attachment":[{"href":"https:\/\/maroctactile.com\/index.php\/wp-json\/wp\/v2\/media?parent=243"}],"wp:term":[{"taxonomy":"product_brand","embeddable":true,"href":"https:\/\/maroctactile.com\/index.php\/wp-json\/wp\/v2\/product_brand?post=243"},{"taxonomy":"product_cat","embeddable":true,"href":"https:\/\/maroctactile.com\/index.php\/wp-json\/wp\/v2\/product_cat?post=243"},{"taxonomy":"product_tag","embeddable":true,"href":"https:\/\/maroctactile.com\/index.php\/wp-json\/wp\/v2\/product_tag?post=243"}],"curies":[{"name":"wp","href":"https:\/\/api.w.org\/{rel}","templated":true}]}}