{"id":2562,"date":"2024-07-01T17:27:43","date_gmt":"2024-07-01T16:27:43","guid":{"rendered":"https:\/\/maroctactile.com\/?post_type=product&#038;p=2562"},"modified":"2025-12-13T01:02:07","modified_gmt":"2025-12-13T01:02:07","slug":"ecran-vitrine","status":"publish","type":"product","link":"https:\/\/maroctactile.com\/index.php\/produit\/ecran-vitrine\/","title":{"rendered":"Ecran vitrine"},"content":{"rendered":"<p>\u00c9cran Vitrine Digital Signage Windows 43&Prime; ou 55&Prime; iiyama chez maroc tactile.<br \/>\nD\u00e9couvrez nos \u00e9crans vitrines Digital Signage iiyama de 43&Prime; ou 55&Prime;. Parfaits pour attirer l\u2019attention de vos clients avec des affichages dynamiques et lumineux, ces \u00e9crans sont id\u00e9aux pour les vitrines de magasins, les halls d&rsquo;accueil et les lieux \u00e0 fort passage. Gr\u00e2ce \u00e0 leur r\u00e9solution haute d\u00e9finition et leur technologie avanc\u00e9e, vos messages et promotions seront toujours visibles et impactants. Optimisez votre communication avec les \u00e9crans vitrines iiyama !<\/p>\n","protected":false},"excerpt":{"rendered":"<\/p>\n<p data-start=\"72\" data-end=\"327\"><strong data-start=\"72\" data-end=\"84\">Mod\u00e8le :<\/strong> iiyama Digital Signage Windows 43&Prime; ou 55&Prime;<br data-start=\"126\" data-end=\"129\" \/><strong data-start=\"129\" data-end=\"146\">Utilisation :<\/strong> Vitrines de magasins, halls d&rsquo;accueil, lieux \u00e0 fort passage<br data-start=\"206\" data-end=\"209\" \/><strong data-start=\"209\" data-end=\"234\">Tailles Disponibles :<\/strong> 43&Prime; et 55&Prime;<br data-start=\"245\" data-end=\"248\" \/><strong data-start=\"248\" data-end=\"264\">R\u00e9solution :<\/strong> Haute D\u00e9finition<br data-start=\"281\" data-end=\"284\" \/><strong data-start=\"284\" data-end=\"301\" data-is-only-node=\"\">Technologie :<\/strong> Digital Signage Windows<\/p>\n<p data-start=\"329\" data-end=\"365\"><strong data-start=\"329\" data-end=\"363\">Caract\u00e9ristiques Principales :<\/strong><\/p>\n<ul data-start=\"366\" data-end=\"519\">\n<li data-start=\"366\" data-end=\"401\">\n<p data-start=\"368\" data-end=\"401\">Affichage dynamique et lumineux<\/p>\n<\/li>\n<li data-start=\"402\" data-end=\"454\">\n<p data-start=\"404\" data-end=\"454\">Technologie avanc\u00e9e pour une visibilit\u00e9 optimale<\/p>\n<\/li>\n<li data-start=\"455\" data-end=\"519\">\n<p data-start=\"457\" data-end=\"519\">Id\u00e9al pour la diffusion de messages et promotions impactants<\/p>\n<\/li>\n<\/ul>\n<p data-start=\"521\" data-end=\"541\"><strong data-start=\"521\" data-end=\"539\">Applications :<\/strong><\/p>\n<ul data-start=\"542\" data-end=\"623\">\n<li data-start=\"542\" data-end=\"571\">\n<p data-start=\"544\" data-end=\"571\">Communication commerciale<\/p>\n<\/li>\n<li data-start=\"572\" data-end=\"594\">\n<p data-start=\"574\" data-end=\"594\">Publicit\u00e9 digitale<\/p>\n<\/li>\n<li data-start=\"595\" data-end=\"623\">\n<p data-start=\"597\" data-end=\"623\">Affichage d&rsquo;informations<\/p>\n<\/li>\n<\/ul>\n","protected":false},"featured_media":2565,"template":"","meta":{"_monsterinsights_skip_tracking":false,"_monsterinsights_sitenote_active":false,"_monsterinsights_sitenote_note":"","_monsterinsights_sitenote_category":0,"site-sidebar-layout":"default","site-content-layout":"","ast-site-content-layout":"default","site-content-style":"default","site-sidebar-style":"default","ast-global-header-display":"","ast-banner-title-visibility":"","ast-main-header-display":"","ast-hfb-above-header-display":"","ast-hfb-below-header-display":"","ast-hfb-mobile-header-display":"","site-post-title":"","ast-breadcrumbs-content":"","ast-featured-img":"","footer-sml-layout":"","ast-disable-related-posts":"","theme-transparent-header-meta":"default","adv-header-id-meta":"","stick-header-meta":"","header-above-stick-meta":"","header-main-stick-meta":"","header-below-stick-meta":"","astra-migrate-meta-layouts":"set","ast-page-background-enabled":"default","ast-page-background-meta":{"desktop":{"background-color":"var(--ast-global-color-4)","background-image":"","background-repeat":"repeat","background-position":"center center","background-size":"auto","background-attachment":"scroll","background-type":"","background-media":"","overlay-type":"","overlay-color":"","overlay-opacity":"","overlay-gradient":""},"tablet":{"background-color":"","background-image":"","background-repeat":"repeat","background-position":"center center","background-size":"auto","background-attachment":"scroll","background-type":"","background-media":"","overlay-type":"","overlay-color":"","overlay-opacity":"","overlay-gradient":""},"mobile":{"background-color":"","background-image":"","background-repeat":"repeat","background-position":"center center","background-size":"auto","background-attachment":"scroll","background-type":"","background-media":"","overlay-type":"","overlay-color":"","overlay-opacity":"","overlay-gradient":""}},"ast-content-background-meta":{"desktop":{"background-color":"var(--ast-global-color-5)","background-image":"","background-repeat":"repeat","background-position":"center center","background-size":"auto","background-attachment":"scroll","background-type":"","background-media":"","overlay-type":"","overlay-color":"","overlay-opacity":"","overlay-gradient":""},"tablet":{"background-color":"var(--ast-global-color-5)","background-image":"","background-repeat":"repeat","background-position":"center center","background-size":"auto","background-attachment":"scroll","background-type":"","background-media":"","overlay-type":"","overlay-color":"","overlay-opacity":"","overlay-gradient":""},"mobile":{"background-color":"var(--ast-global-color-5)","background-image":"","background-repeat":"repeat","background-position":"center center","background-size":"auto","background-attachment":"scroll","background-type":"","background-media":"","overlay-type":"","overlay-color":"","overlay-opacity":"","overlay-gradient":""}}},"product_brand":[],"product_cat":[53],"product_tag":[],"class_list":{"0":"post-2562","1":"product","2":"type-product","3":"status-publish","4":"has-post-thumbnail","6":"product_cat-ecran-vitrine","7":"desktop-align-left","8":"tablet-align-left","9":"mobile-align-left","11":"first","12":"instock","13":"taxable","14":"shipping-taxable","15":"purchasable","16":"product-type-simple"},"aioseo_notices":[],"jetpack_sharing_enabled":true,"_links":{"self":[{"href":"https:\/\/maroctactile.com\/index.php\/wp-json\/wp\/v2\/product\/2562","targetHints":{"allow":["GET"]}}],"collection":[{"href":"https:\/\/maroctactile.com\/index.php\/wp-json\/wp\/v2\/product"}],"about":[{"href":"https:\/\/maroctactile.com\/index.php\/wp-json\/wp\/v2\/types\/product"}],"version-history":[{"count":12,"href":"https:\/\/maroctactile.com\/index.php\/wp-json\/wp\/v2\/product\/2562\/revisions"}],"predecessor-version":[{"id":4591,"href":"https:\/\/maroctactile.com\/index.php\/wp-json\/wp\/v2\/product\/2562\/revisions\/4591"}],"wp:featuredmedia":[{"embeddable":true,"href":"https:\/\/maroctactile.com\/index.php\/wp-json\/wp\/v2\/media\/2565"}],"wp:attachment":[{"href":"https:\/\/maroctactile.com\/index.php\/wp-json\/wp\/v2\/media?parent=2562"}],"wp:term":[{"taxonomy":"product_brand","embeddable":true,"href":"https:\/\/maroctactile.com\/index.php\/wp-json\/wp\/v2\/product_brand?post=2562"},{"taxonomy":"product_cat","embeddable":true,"href":"https:\/\/maroctactile.com\/index.php\/wp-json\/wp\/v2\/product_cat?post=2562"},{"taxonomy":"product_tag","embeddable":true,"href":"https:\/\/maroctactile.com\/index.php\/wp-json\/wp\/v2\/product_tag?post=2562"}],"curies":[{"name":"wp","href":"https:\/\/api.w.org\/{rel}","templated":true}]}}