{"id":2571,"date":"2024-07-04T16:44:48","date_gmt":"2024-07-04T15:44:48","guid":{"rendered":"https:\/\/maroctactile.com\/?post_type=product&#038;p=2571"},"modified":"2025-12-13T00:55:24","modified_gmt":"2025-12-13T00:55:24","slug":"totem-led-affichage","status":"publish","type":"product","link":"https:\/\/maroctactile.com\/index.php\/produit\/totem-led-affichage\/","title":{"rendered":"Totem led affichage"},"content":{"rendered":"\t\t<div data-elementor-type=\"wp-post\" data-elementor-id=\"2571\" class=\"elementor elementor-2571\">\n\t\t\t\t<div class=\"elementor-element elementor-element-c87a7ca e-flex e-con-boxed e-con e-parent\" data-id=\"c87a7ca\" data-element_type=\"container\" data-e-type=\"container\">\n\t\t\t\t\t<div class=\"e-con-inner\">\n\t\t\t\t<div class=\"elementor-element elementor-element-7a8bc78 elementor-widget elementor-widget-button\" data-id=\"7a8bc78\" data-element_type=\"widget\" data-e-type=\"widget\" data-widget_type=\"button.default\">\n\t\t\t\t<div class=\"elementor-widget-container\">\n\t\t\t\t\t\t\t\t\t<div class=\"elementor-button-wrapper\">\n\t\t\t\t\t<a class=\"elementor-button elementor-button-link elementor-size-sm\" href=\"http:\/\/maroctactile.com\/wp-content\/uploads\/2025\/09\/ATI192-Totem-Led-FT_compressed.pdf\">\n\t\t\t\t\t\t<span class=\"elementor-button-content-wrapper\">\n\t\t\t\t\t\t<span class=\"elementor-button-icon\">\n\t\t\t\t<svg aria-hidden=\"true\" class=\"e-font-icon-svg e-far-check-circle\" viewBox=\"0 0 512 512\" xmlns=\"http:\/\/www.w3.org\/2000\/svg\"><path d=\"M256 8C119.033 8 8 119.033 8 256s111.033 248 248 248 248-111.033 248-248S392.967 8 256 8zm0 48c110.532 0 200 89.451 200 200 0 110.532-89.451 200-200 200-110.532 0-200-89.451-200-200 0-110.532 89.451-200 200-200m140.204 130.267l-22.536-22.718c-4.667-4.705-12.265-4.736-16.97-.068L215.346 303.697l-59.792-60.277c-4.667-4.705-12.265-4.736-16.97-.069l-22.719 22.536c-4.705 4.667-4.736 12.265-.068 16.971l90.781 91.516c4.667 4.705 12.265 4.736 16.97.068l172.589-171.204c4.704-4.668 4.734-12.266.067-16.971z\"><\/path><\/svg>\t\t\t<\/span>\n\t\t\t\t\t\t\t\t\t<span class=\"elementor-button-text\">Fiche technique<\/span>\n\t\t\t\t\t<\/span>\n\t\t\t\t\t<\/a>\n\t\t\t\t<\/div>\n\t\t\t\t\t\t\t\t<\/div>\n\t\t\t\t<\/div>\n\t\t\t\t\t<\/div>\n\t\t\t\t<\/div>\n\t\t<div class=\"elementor-element elementor-element-5e51dd0b e-flex e-con-boxed e-con e-parent\" data-id=\"5e51dd0b\" data-element_type=\"container\" data-e-type=\"container\">\n\t\t\t\t\t<div class=\"e-con-inner\">\n\t\t\t\t<div class=\"elementor-element elementor-element-6862f0b0 elementor-widget elementor-widget-text-editor\" data-id=\"6862f0b0\" data-element_type=\"widget\" data-e-type=\"widget\" data-widget_type=\"text-editor.default\">\n\t\t\t\t<div class=\"elementor-widget-container\">\n\t\t\t\t\t\t\t\t\t<div class=\"is-divider small\"><table style=\"font-size: 16px;\"><thead><tr><th><strong>Caract\u00e9ristique<\/strong><\/th><th><strong>D\u00e9tails<\/strong><\/th><\/tr><\/thead><tbody><tr><td><strong>Haute D\u00e9finition<\/strong><\/td><td>Pitch de pixel de 1,86 mm avec encapsulation SMD1515 pour des images nettes et pr\u00e9cises<\/td><\/tr><tr><td><strong>Luminosit\u00e9<\/strong><\/td><td>700 nit, garantissant une visibilit\u00e9 claire dans les environnements int\u00e9rieurs<\/td><\/tr><tr><td><strong>Fr\u00e9quence de Rafra\u00eechissement<\/strong><\/td><td>3840 Hz pour des transitions fluides et sans scintillement<\/td><\/tr><tr><td><strong>Panneau LED<\/strong><\/td><td>Portable (64 cm x 192 cm) + WIFI \/ LAN \/ USB, r\u00e9solution 192 x 640 pixels<\/td><\/tr><tr><td><strong>Angle de Vision<\/strong><\/td><td>160\u00b0 horizontal \/ 140\u00b0 vertical pour une visualisation optimale<\/td><\/tr><tr><td><strong>Installation<\/strong><\/td><td>Autoportant, suspendu ou montage mural pour s&rsquo;adapter \u00e0 tous les espaces<\/td><\/tr><tr><td><strong>Structure<\/strong><\/td><td>Ch\u00e2ssis en aluminium l\u00e9ger et robuste, poids de 34 kg par unit\u00e9<\/td><\/tr><tr><td><strong>Efficacit\u00e9 \u00c9nerg\u00e9tique<\/strong><\/td><td>Consommation moyenne de 170W, consommation maximale de 480W<\/td><\/tr><tr><td><strong>Long\u00e9vit\u00e9<\/strong><\/td><td>Jusqu&rsquo;\u00e0 100 000 heures d&rsquo;utilisation continue<\/td><\/tr><tr><td><strong>Conditions d&rsquo;Utilisation<\/strong><\/td><td>Temp\u00e9rature de fonctionnement : 0\u00b0C \u00e0 +40\u00b0C, stockage : -20\u00b0C \u00e0 +60\u00b0C<\/td><\/tr><tr><td><strong>\u00c9tanch\u00e9it\u00e9<\/strong><\/td><td>IP65 (avant) \/ IP30 (arri\u00e8re) pour protection contre poussi\u00e8re et humidit\u00e9<\/td><\/tr><tr><td><strong>Alimentation<\/strong><\/td><td>Tension d&rsquo;entr\u00e9e : 180-240V, fr\u00e9quence : 50-60Hz<\/td><\/tr><\/tbody><\/table><p class=\"\" data-start=\"1075\" data-end=\"1223\">\u00a0<\/p><\/div>\t\t\t\t\t\t\t\t<\/div>\n\t\t\t\t<\/div>\n\t\t\t\t\t<\/div>\n\t\t\t\t<\/div>\n\t\t\t\t<\/div>\n\t\t","protected":false},"excerpt":{"rendered":"<\/p>\n<h3 class=\"product-title product_title entry-title\"><a href=\"http:\/\/www.digitactile.com\">Totem led affichage<\/a> &#8211;\u00a0<a href=\"https:\/\/maroctactile.com\/\">Maroc tactile<\/a><\/h3>\n<div class=\"is-divider small\">\n<p class=\"\" data-start=\"71\" data-end=\"319\">L&rsquo;Afficheur LED Int\u00e9rieur ATI192 Panneau LED portable (64cm x 192 cm) + WIFI \/ LAN \/ USB avec une r\u00e9solution de 192 x 640 pixels. est une solution d&rsquo;affichage id\u00e9ale pour vos \u00e9v\u00e9nements, salons, conf\u00e9rences et espaces commerciaux. Avec sa haute r\u00e9solution et son design moderne, il offre une visibilit\u00e9 optimale et un impact visuel remarquable.<\/p>\n<\/div>\n<p>&nbsp;<\/p>\n","protected":false},"featured_media":4005,"template":"","meta":{"_monsterinsights_skip_tracking":false,"_monsterinsights_sitenote_active":false,"_monsterinsights_sitenote_note":"","_monsterinsights_sitenote_category":0,"site-sidebar-layout":"default","site-content-layout":"","ast-site-content-layout":"default","site-content-style":"default","site-sidebar-style":"default","ast-global-header-display":"","ast-banner-title-visibility":"","ast-main-header-display":"","ast-hfb-above-header-display":"","ast-hfb-below-header-display":"","ast-hfb-mobile-header-display":"","site-post-title":"","ast-breadcrumbs-content":"","ast-featured-img":"","footer-sml-layout":"","ast-disable-related-posts":"","theme-transparent-header-meta":"default","adv-header-id-meta":"","stick-header-meta":"","header-above-stick-meta":"","header-main-stick-meta":"","header-below-stick-meta":"","astra-migrate-meta-layouts":"set","ast-page-background-enabled":"default","ast-page-background-meta":{"desktop":{"background-color":"var(--ast-global-color-4)","background-image":"","background-repeat":"repeat","background-position":"center center","background-size":"auto","background-attachment":"scroll","background-type":"","background-media":"","overlay-type":"","overlay-color":"","overlay-opacity":"","overlay-gradient":""},"tablet":{"background-color":"","background-image":"","background-repeat":"repeat","background-position":"center center","background-size":"auto","background-attachment":"scroll","background-type":"","background-media":"","overlay-type":"","overlay-color":"","overlay-opacity":"","overlay-gradient":""},"mobile":{"background-color":"","background-image":"","background-repeat":"repeat","background-position":"center center","background-size":"auto","background-attachment":"scroll","background-type":"","background-media":"","overlay-type":"","overlay-color":"","overlay-opacity":"","overlay-gradient":""}},"ast-content-background-meta":{"desktop":{"background-color":"var(--ast-global-color-5)","background-image":"","background-repeat":"repeat","background-position":"center center","background-size":"auto","background-attachment":"scroll","background-type":"","background-media":"","overlay-type":"","overlay-color":"","overlay-opacity":"","overlay-gradient":""},"tablet":{"background-color":"var(--ast-global-color-5)","background-image":"","background-repeat":"repeat","background-position":"center center","background-size":"auto","background-attachment":"scroll","background-type":"","background-media":"","overlay-type":"","overlay-color":"","overlay-opacity":"","overlay-gradient":""},"mobile":{"background-color":"var(--ast-global-color-5)","background-image":"","background-repeat":"repeat","background-position":"center center","background-size":"auto","background-attachment":"scroll","background-type":"","background-media":"","overlay-type":"","overlay-color":"","overlay-opacity":"","overlay-gradient":""}}},"product_brand":[],"product_cat":[41],"product_tag":[],"class_list":{"0":"post-2571","1":"product","2":"type-product","3":"status-publish","4":"has-post-thumbnail","6":"product_cat-totem-tactile","7":"desktop-align-left","8":"tablet-align-left","9":"mobile-align-left","11":"first","12":"instock","13":"sale","14":"taxable","15":"shipping-taxable","16":"purchasable","17":"product-type-simple"},"aioseo_notices":[],"jetpack_sharing_enabled":true,"_links":{"self":[{"href":"https:\/\/maroctactile.com\/index.php\/wp-json\/wp\/v2\/product\/2571","targetHints":{"allow":["GET"]}}],"collection":[{"href":"https:\/\/maroctactile.com\/index.php\/wp-json\/wp\/v2\/product"}],"about":[{"href":"https:\/\/maroctactile.com\/index.php\/wp-json\/wp\/v2\/types\/product"}],"version-history":[{"count":50,"href":"https:\/\/maroctactile.com\/index.php\/wp-json\/wp\/v2\/product\/2571\/revisions"}],"predecessor-version":[{"id":4585,"href":"https:\/\/maroctactile.com\/index.php\/wp-json\/wp\/v2\/product\/2571\/revisions\/4585"}],"wp:featuredmedia":[{"embeddable":true,"href":"https:\/\/maroctactile.com\/index.php\/wp-json\/wp\/v2\/media\/4005"}],"wp:attachment":[{"href":"https:\/\/maroctactile.com\/index.php\/wp-json\/wp\/v2\/media?parent=2571"}],"wp:term":[{"taxonomy":"product_brand","embeddable":true,"href":"https:\/\/maroctactile.com\/index.php\/wp-json\/wp\/v2\/product_brand?post=2571"},{"taxonomy":"product_cat","embeddable":true,"href":"https:\/\/maroctactile.com\/index.php\/wp-json\/wp\/v2\/product_cat?post=2571"},{"taxonomy":"product_tag","embeddable":true,"href":"https:\/\/maroctactile.com\/index.php\/wp-json\/wp\/v2\/product_tag?post=2571"}],"curies":[{"name":"wp","href":"https:\/\/api.w.org\/{rel}","templated":true}]}}