{"id":2575,"date":"2024-07-02T19:47:07","date_gmt":"2024-07-02T18:47:07","guid":{"rendered":"https:\/\/maroctactile.com\/?post_type=product&#038;p=2575"},"modified":"2025-12-13T01:20:35","modified_gmt":"2025-12-13T01:20:35","slug":"totem-outdoor","status":"publish","type":"product","link":"https:\/\/maroctactile.com\/index.php\/produit\/totem-outdoor\/","title":{"rendered":"Totem Outdoor"},"content":{"rendered":"<table>\n<thead>\n<tr>\n<th><strong>Cat\u00e9gorie<\/strong><\/th>\n<th><strong>D\u00e9tails<\/strong><\/th>\n<\/tr>\n<\/thead>\n<tbody>\n<tr>\n<td><strong>Mod\u00e8le<\/strong><\/td>\n<td>iiyama 55\u2019\u2019 (139 cm)<\/td>\n<\/tr>\n<tr>\n<td><strong>Ratio<\/strong><\/td>\n<td>16:9<\/td>\n<\/tr>\n<tr>\n<td><strong>Type de dalle<\/strong><\/td>\n<td>IPS &#8211; M+<\/td>\n<\/tr>\n<tr>\n<td><strong>R\u00e9tro-\u00e9clairage<\/strong><\/td>\n<td>LED<\/td>\n<\/tr>\n<tr>\n<td><strong>R\u00e9solution<\/strong><\/td>\n<td>1920 x 1080<\/td>\n<\/tr>\n<tr>\n<td><strong>Luminosit\u00e9<\/strong><\/td>\n<td>4000 cd\/m\u00b2<\/td>\n<\/tr>\n<tr>\n<td><strong>Contraste<\/strong><\/td>\n<td>1000:1<\/td>\n<\/tr>\n<tr>\n<td><strong>Angles de vision<\/strong><\/td>\n<td>178\u00b0 \/ 178\u00b0<\/td>\n<\/tr>\n<tr>\n<td><strong>Dur\u00e9e de vie<\/strong><\/td>\n<td>50 000 heures<\/td>\n<\/tr>\n<tr>\n<td><strong>Garantie de fonctionnement<\/strong><\/td>\n<td>24H\/7J<\/td>\n<\/tr>\n<tr>\n<td><strong>Traitement de la dalle<\/strong><\/td>\n<td>Haze 3%<\/td>\n<\/tr>\n<tr>\n<td><strong>Entr\u00e9es num\u00e9riques<\/strong><\/td>\n<td>HDMI (2), DP (1), DVI-D (1)<\/td>\n<\/tr>\n<tr>\n<td><strong>Entr\u00e9es audio<\/strong><\/td>\n<td>Oui (1)<\/td>\n<\/tr>\n<tr>\n<td><strong>Entr\u00e9es contr\u00f4le externe<\/strong><\/td>\n<td>RS232C, RJ45, R\u00e9cepteur IR, Capteur de pixel<\/td>\n<\/tr>\n<tr>\n<td><strong>Port USB<\/strong><\/td>\n<td>Oui (1)<\/td>\n<\/tr>\n<tr>\n<td><strong>Sorties num\u00e9riques<\/strong><\/td>\n<td>DP (1)<\/td>\n<\/tr>\n<tr>\n<td><strong>Sorties haut-parleurs externes<\/strong><\/td>\n<td>Oui (1, G\/D)<\/td>\n<\/tr>\n<tr>\n<td><strong>Sorties contr\u00f4le externe<\/strong><\/td>\n<td>RS232C<\/td>\n<\/tr>\n<tr>\n<td><strong>M\u00e9moire interne<\/strong><\/td>\n<td>8 Go (dont 4 Go pour le syst\u00e8me)<\/td>\n<\/tr>\n<tr>\n<td><strong>Wifi<\/strong><\/td>\n<td>Oui (via Dongle)<\/td>\n<\/tr>\n<tr>\n<td><strong>Certifications S\u00e9curit\u00e9<\/strong><\/td>\n<td>IEC 60950-1 \/ EN 60950-1 \/ UL 60950-1<\/td>\n<\/tr>\n<tr>\n<td><strong>Certifications EMC<\/strong><\/td>\n<td>FCC Class \u00abA\u00bb \/ CE \/ KC \/ VCCI<\/td>\n<\/tr>\n<tr>\n<td><strong>Compatibilit\u00e9 logicielle<\/strong><\/td>\n<td>SuperSign CMS &#8211; Control +<\/td>\n<\/tr>\n<tr>\n<td><strong>Fan-less<\/strong><\/td>\n<td>Oui<\/td>\n<\/tr>\n<tr>\n<td><strong>Temp\u00e9rature de fonctionnement<\/strong><\/td>\n<td>0 \u00b0C &#8211; 40 \u00b0C<\/td>\n<\/tr>\n<tr>\n<td><strong>Humidit\u00e9 de fonctionnement<\/strong><\/td>\n<td>10 % &#8211; 80 %<\/td>\n<\/tr>\n<tr>\n<td><strong>Type d\u2019alimentation<\/strong><\/td>\n<td>Int\u00e9gr\u00e9e<\/td>\n<\/tr>\n<tr>\n<td><strong>Fr\u00e9quence<\/strong><\/td>\n<td>100-240V~, 50\/60Hz<\/td>\n<\/tr>\n<tr>\n<td><strong>Consommation marche normale<\/strong><\/td>\n<td>375W<\/td>\n<\/tr>\n<tr>\n<td><strong>Consommation Smart Energy Saving<\/strong><\/td>\n<td>140W<\/td>\n<\/tr>\n<tr>\n<td><strong>Consommation en veille<\/strong><\/td>\n<td>0,7W (DP), 1W (DVI-D, HDMI)<\/td>\n<\/tr>\n<tr>\n<td><strong>Consommation \u00e0 l\u2019arr\u00eat<\/strong><\/td>\n<td>0,5W<\/td>\n<\/tr>\n<tr>\n<td><strong>Bezel<\/strong><\/td>\n<td>12.0 mm (T\/B), 9.9 mm (L\/R)<\/td>\n<\/tr>\n<tr>\n<td><strong>VESA<\/strong><\/td>\n<td>600 x 400 mm<\/td>\n<\/tr>\n<tr>\n<td><strong>Dimensions (moniteur seul)<\/strong><\/td>\n<td>L x H x P : 1,235.5 x 709.4 x 85.4 mm<\/td>\n<\/tr>\n<tr>\n<td><strong>Poids (moniteur seul)<\/strong><\/td>\n<td>25 Kg<\/td>\n<\/tr>\n<tr>\n<td><strong>Dimensions du carton<\/strong><\/td>\n<td>1,344 x 215 x 820 mm<\/td>\n<\/tr>\n<tr>\n<td><strong>Poids du carton<\/strong><\/td>\n<td>30,2 Kg<\/td>\n<\/tr>\n<tr>\n<td><strong>Accessoires inclus<\/strong><\/td>\n<td>C\u00e2ble d\u2019alimentation, C\u00e2ble HDMI, T\u00e9l\u00e9commande, Manuel<\/td>\n<\/tr>\n<\/tbody>\n<\/table>\n","protected":false},"excerpt":{"rendered":"<\/p>\n<h1><a href=\"https:\/\/rachabusinessgroup.com\/devis.php?id=16\">Totem outdoor<\/a><\/h1>\n<p>Le totem OUTDOOR au <a href=\"https:\/\/maroctactile.com\/\">Maroc<\/a> vous permet d\u2019\u00e9tendre votre communication en dehors de vos murs. \u00c0 l\u2019aide d\u2019une application tactile, vous pouvez interagir \u00e0 toute heure du jour comme de la nuit avec une multitude de clients potentiels. Il existe en tailles 65 pouces.<\/p>\n<p>&nbsp;<\/p>\n","protected":false},"featured_media":2636,"template":"","meta":{"_monsterinsights_skip_tracking":false,"_monsterinsights_sitenote_active":false,"_monsterinsights_sitenote_note":"","_monsterinsights_sitenote_category":0,"site-sidebar-layout":"default","site-content-layout":"","ast-site-content-layout":"default","site-content-style":"default","site-sidebar-style":"default","ast-global-header-display":"","ast-banner-title-visibility":"","ast-main-header-display":"","ast-hfb-above-header-display":"","ast-hfb-below-header-display":"","ast-hfb-mobile-header-display":"","site-post-title":"","ast-breadcrumbs-content":"","ast-featured-img":"","footer-sml-layout":"","ast-disable-related-posts":"","theme-transparent-header-meta":"default","adv-header-id-meta":"","stick-header-meta":"","header-above-stick-meta":"","header-main-stick-meta":"","header-below-stick-meta":"","astra-migrate-meta-layouts":"set","ast-page-background-enabled":"default","ast-page-background-meta":{"desktop":{"background-color":"var(--ast-global-color-4)","background-image":"","background-repeat":"repeat","background-position":"center center","background-size":"auto","background-attachment":"scroll","background-type":"","background-media":"","overlay-type":"","overlay-color":"","overlay-opacity":"","overlay-gradient":""},"tablet":{"background-color":"","background-image":"","background-repeat":"repeat","background-position":"center center","background-size":"auto","background-attachment":"scroll","background-type":"","background-media":"","overlay-type":"","overlay-color":"","overlay-opacity":"","overlay-gradient":""},"mobile":{"background-color":"","background-image":"","background-repeat":"repeat","background-position":"center center","background-size":"auto","background-attachment":"scroll","background-type":"","background-media":"","overlay-type":"","overlay-color":"","overlay-opacity":"","overlay-gradient":""}},"ast-content-background-meta":{"desktop":{"background-color":"var(--ast-global-color-5)","background-image":"","background-repeat":"repeat","background-position":"center center","background-size":"auto","background-attachment":"scroll","background-type":"","background-media":"","overlay-type":"","overlay-color":"","overlay-opacity":"","overlay-gradient":""},"tablet":{"background-color":"var(--ast-global-color-5)","background-image":"","background-repeat":"repeat","background-position":"center center","background-size":"auto","background-attachment":"scroll","background-type":"","background-media":"","overlay-type":"","overlay-color":"","overlay-opacity":"","overlay-gradient":""},"mobile":{"background-color":"var(--ast-global-color-5)","background-image":"","background-repeat":"repeat","background-position":"center center","background-size":"auto","background-attachment":"scroll","background-type":"","background-media":"","overlay-type":"","overlay-color":"","overlay-opacity":"","overlay-gradient":""}}},"product_brand":[],"product_cat":[41],"product_tag":[],"class_list":{"0":"post-2575","1":"product","2":"type-product","3":"status-publish","4":"has-post-thumbnail","6":"product_cat-totem-tactile","7":"desktop-align-left","8":"tablet-align-left","9":"mobile-align-left","11":"first","12":"instock","13":"sale","14":"taxable","15":"shipping-taxable","16":"purchasable","17":"product-type-simple"},"aioseo_notices":[],"jetpack_sharing_enabled":true,"_links":{"self":[{"href":"https:\/\/maroctactile.com\/index.php\/wp-json\/wp\/v2\/product\/2575","targetHints":{"allow":["GET"]}}],"collection":[{"href":"https:\/\/maroctactile.com\/index.php\/wp-json\/wp\/v2\/product"}],"about":[{"href":"https:\/\/maroctactile.com\/index.php\/wp-json\/wp\/v2\/types\/product"}],"version-history":[{"count":13,"href":"https:\/\/maroctactile.com\/index.php\/wp-json\/wp\/v2\/product\/2575\/revisions"}],"predecessor-version":[{"id":4615,"href":"https:\/\/maroctactile.com\/index.php\/wp-json\/wp\/v2\/product\/2575\/revisions\/4615"}],"wp:featuredmedia":[{"embeddable":true,"href":"https:\/\/maroctactile.com\/index.php\/wp-json\/wp\/v2\/media\/2636"}],"wp:attachment":[{"href":"https:\/\/maroctactile.com\/index.php\/wp-json\/wp\/v2\/media?parent=2575"}],"wp:term":[{"taxonomy":"product_brand","embeddable":true,"href":"https:\/\/maroctactile.com\/index.php\/wp-json\/wp\/v2\/product_brand?post=2575"},{"taxonomy":"product_cat","embeddable":true,"href":"https:\/\/maroctactile.com\/index.php\/wp-json\/wp\/v2\/product_cat?post=2575"},{"taxonomy":"product_tag","embeddable":true,"href":"https:\/\/maroctactile.com\/index.php\/wp-json\/wp\/v2\/product_tag?post=2575"}],"curies":[{"name":"wp","href":"https:\/\/api.w.org\/{rel}","templated":true}]}}