{"id":2640,"date":"2024-07-03T12:21:46","date_gmt":"2024-07-03T11:21:46","guid":{"rendered":"https:\/\/maroctactile.com\/?post_type=product&#038;p=2640"},"modified":"2025-12-13T00:48:33","modified_gmt":"2025-12-13T00:48:33","slug":"borne-de-paiement","status":"publish","type":"product","link":"https:\/\/maroctactile.com\/index.php\/produit\/borne-de-paiement\/","title":{"rendered":"Borne de paiement"},"content":{"rendered":"\t\t<div data-elementor-type=\"wp-post\" data-elementor-id=\"2640\" class=\"elementor elementor-2640\">\n\t\t\t\t<div class=\"elementor-element elementor-element-cb062cb e-flex e-con-boxed e-con e-parent\" data-id=\"cb062cb\" data-element_type=\"container\" data-e-type=\"container\">\n\t\t\t\t\t<div class=\"e-con-inner\">\n\t\t\t\t<div class=\"elementor-element elementor-element-731d023 elementor-widget elementor-widget-button\" data-id=\"731d023\" data-element_type=\"widget\" data-e-type=\"widget\" data-widget_type=\"button.default\">\n\t\t\t\t<div class=\"elementor-widget-container\">\n\t\t\t\t\t\t\t\t\t<div class=\"elementor-button-wrapper\">\n\t\t\t\t\t<a class=\"elementor-button elementor-button-link elementor-size-sm\" href=\"http:\/\/maroctactile.com\/wp-content\/uploads\/2025\/11\/FT-Borne-de-commande-32P-43P.pdf\">\n\t\t\t\t\t\t<span class=\"elementor-button-content-wrapper\">\n\t\t\t\t\t\t\t\t\t<span class=\"elementor-button-text\">Fiche technique<\/span>\n\t\t\t\t\t<\/span>\n\t\t\t\t\t<\/a>\n\t\t\t\t<\/div>\n\t\t\t\t\t\t\t\t<\/div>\n\t\t\t\t<\/div>\n\t\t\t\t\t<\/div>\n\t\t\t\t<\/div>\n\t\t<div class=\"elementor-element elementor-element-4cb1ca5b e-flex e-con-boxed e-con e-parent\" data-id=\"4cb1ca5b\" data-element_type=\"container\" data-e-type=\"container\">\n\t\t\t\t\t<div class=\"e-con-inner\">\n\t\t\t\t<div class=\"elementor-element elementor-element-6699425a elementor-widget elementor-widget-text-editor\" data-id=\"6699425a\" data-element_type=\"widget\" data-e-type=\"widget\" data-widget_type=\"text-editor.default\">\n\t\t\t\t<div class=\"elementor-widget-container\">\n\t\t\t\t\t\t\t\t\tD\u00e9couvrez <a href=\"https:\/\/maroctactile.com\/index.php\/shop\/\">notre borne de paiement<\/a>, sp\u00e9cialement con\u00e7ue pour le secteur de la restauration. Elle int\u00e8gre un \u00e9cran tactile Full HD de 27 pouces, de derni\u00e8re g\u00e9n\u00e9ration.\r\n\r\n\u00c9quip\u00e9e d\u2019un PC industriel, elle est disponible en version simple\/\u00e9cran sur pied, ou bien en version murale pour s\u2019adapter parfaitement aux contraintes d\u2019encombrement de votre restaurant.\r\n\r\nElle peut int\u00e9grer diff\u00e9rentes options selon vos besoins : <a href=\"https:\/\/www.cmi.co.ma\/fr\/solutions-paiement-carte-paiement-ligne\/tpe-terminal-paiement-electronique\">terminal de paiement CB<\/a>, lecteurs QR code, NFC, imprimante tickets, et plus encore.\t\t\t\t\t\t\t\t<\/div>\n\t\t\t\t<\/div>\n\t\t\t\t\t<\/div>\n\t\t\t\t<\/div>\n\t\t\t\t<\/div>\n\t\t","protected":false},"excerpt":{"rendered":"<\/p>\n<p>D\u00e9couvrez <a href=\"https:\/\/maroctactile.com\/index.php\/shop\/\">la borne de paiement<\/a>, Borne de commande 32&Prime; \u2013 Windows, processeur i3 \u2013 8 Go \/ 4 Go de RAM, SSD 128 Go \u2013 imprimante thermique tickets 5 cm \u2013 lecteur QR Code \u2013 module de paiement int\u00e9gr\u00e9. une solution tactile au design inimitable, sp\u00e9cialement con\u00e7ue pour le secteur de la restauration au Maroc. Elle int\u00e8gre un \u00e9cran tactile Full HD de 32 pouces, de <a href=\"https:\/\/rachabusinessgroup.com\/devis.php?id=18\">derni\u00e8re g\u00e9n\u00e9ration<\/a>, et est \u00e9quip\u00e9e d\u2019un PC. Disponible en version simple sur pied, ou bien en version murale pour s\u2019adapter parfaitement aux contraintes d\u2019encombrement de votre restaurant. Elle peut int\u00e9grer diverses options selon vos besoins : terminal de paiement CB, lecteurs QR code, NFC, imprimante tickets, et plus encore.<\/p>\n<p>&nbsp;<\/p>\n<p>&nbsp;<\/p>\n","protected":false},"featured_media":2641,"template":"","meta":{"_monsterinsights_skip_tracking":false,"_monsterinsights_sitenote_active":false,"_monsterinsights_sitenote_note":"","_monsterinsights_sitenote_category":0,"site-sidebar-layout":"default","site-content-layout":"","ast-site-content-layout":"default","site-content-style":"default","site-sidebar-style":"default","ast-global-header-display":"","ast-banner-title-visibility":"","ast-main-header-display":"","ast-hfb-above-header-display":"","ast-hfb-below-header-display":"","ast-hfb-mobile-header-display":"","site-post-title":"","ast-breadcrumbs-content":"","ast-featured-img":"","footer-sml-layout":"","ast-disable-related-posts":"","theme-transparent-header-meta":"default","adv-header-id-meta":"","stick-header-meta":"","header-above-stick-meta":"","header-main-stick-meta":"","header-below-stick-meta":"","astra-migrate-meta-layouts":"set","ast-page-background-enabled":"default","ast-page-background-meta":{"desktop":{"background-color":"var(--ast-global-color-4)","background-image":"","background-repeat":"repeat","background-position":"center center","background-size":"auto","background-attachment":"scroll","background-type":"","background-media":"","overlay-type":"","overlay-color":"","overlay-opacity":"","overlay-gradient":""},"tablet":{"background-color":"","background-image":"","background-repeat":"repeat","background-position":"center center","background-size":"auto","background-attachment":"scroll","background-type":"","background-media":"","overlay-type":"","overlay-color":"","overlay-opacity":"","overlay-gradient":""},"mobile":{"background-color":"","background-image":"","background-repeat":"repeat","background-position":"center center","background-size":"auto","background-attachment":"scroll","background-type":"","background-media":"","overlay-type":"","overlay-color":"","overlay-opacity":"","overlay-gradient":""}},"ast-content-background-meta":{"desktop":{"background-color":"var(--ast-global-color-5)","background-image":"","background-repeat":"repeat","background-position":"center center","background-size":"auto","background-attachment":"scroll","background-type":"","background-media":"","overlay-type":"","overlay-color":"","overlay-opacity":"","overlay-gradient":""},"tablet":{"background-color":"var(--ast-global-color-5)","background-image":"","background-repeat":"repeat","background-position":"center center","background-size":"auto","background-attachment":"scroll","background-type":"","background-media":"","overlay-type":"","overlay-color":"","overlay-opacity":"","overlay-gradient":""},"mobile":{"background-color":"var(--ast-global-color-5)","background-image":"","background-repeat":"repeat","background-position":"center center","background-size":"auto","background-attachment":"scroll","background-type":"","background-media":"","overlay-type":"","overlay-color":"","overlay-opacity":"","overlay-gradient":""}}},"product_brand":[],"product_cat":[42],"product_tag":[],"class_list":{"0":"post-2640","1":"product","2":"type-product","3":"status-publish","4":"has-post-thumbnail","6":"product_cat-borne-tactile","7":"desktop-align-left","8":"tablet-align-left","9":"mobile-align-left","11":"first","12":"instock","13":"taxable","14":"shipping-taxable","15":"product-type-simple"},"aioseo_notices":[],"jetpack_sharing_enabled":true,"_links":{"self":[{"href":"https:\/\/maroctactile.com\/index.php\/wp-json\/wp\/v2\/product\/2640","targetHints":{"allow":["GET"]}}],"collection":[{"href":"https:\/\/maroctactile.com\/index.php\/wp-json\/wp\/v2\/product"}],"about":[{"href":"https:\/\/maroctactile.com\/index.php\/wp-json\/wp\/v2\/types\/product"}],"version-history":[{"count":26,"href":"https:\/\/maroctactile.com\/index.php\/wp-json\/wp\/v2\/product\/2640\/revisions"}],"predecessor-version":[{"id":4575,"href":"https:\/\/maroctactile.com\/index.php\/wp-json\/wp\/v2\/product\/2640\/revisions\/4575"}],"wp:featuredmedia":[{"embeddable":true,"href":"https:\/\/maroctactile.com\/index.php\/wp-json\/wp\/v2\/media\/2641"}],"wp:attachment":[{"href":"https:\/\/maroctactile.com\/index.php\/wp-json\/wp\/v2\/media?parent=2640"}],"wp:term":[{"taxonomy":"product_brand","embeddable":true,"href":"https:\/\/maroctactile.com\/index.php\/wp-json\/wp\/v2\/product_brand?post=2640"},{"taxonomy":"product_cat","embeddable":true,"href":"https:\/\/maroctactile.com\/index.php\/wp-json\/wp\/v2\/product_cat?post=2640"},{"taxonomy":"product_tag","embeddable":true,"href":"https:\/\/maroctactile.com\/index.php\/wp-json\/wp\/v2\/product_tag?post=2640"}],"curies":[{"name":"wp","href":"https:\/\/api.w.org\/{rel}","templated":true}]}}