{"id":2690,"date":"2024-07-08T14:35:56","date_gmt":"2024-07-08T13:35:56","guid":{"rendered":"https:\/\/maroctactile.com\/?post_type=product&#038;p=2690"},"modified":"2024-07-09T13:54:39","modified_gmt":"2024-07-09T12:54:39","slug":"caisse-enregistreuse-au-maroc","status":"publish","type":"product","link":"https:\/\/maroctactile.com\/index.php\/produit\/caisse-enregistreuse-au-maroc\/","title":{"rendered":"Caisse enregistreuse au maroc"},"content":{"rendered":"<h2><a href=\"https:\/\/maroctactile.com\/index.php\/shop\/\">Caisse enregistreuse au Maroc<\/a><\/h2>\n<p>Notre\u00a0 Caisse enregistreuse au maroc de 15 ou 15.6 pouces est parfaite pour les caf\u00e9s. Disponible en noir et blanc, elle inclut des options comme le lecteur de bande magn\u00e9tique et l&rsquo;afficheur client. <a href=\"https:\/\/www.cmi.co.ma\/fr\/solutions-paiement-carte-paiement-ligne\/tpe-terminal-paiement-electronique\">Dot\u00e9e d&rsquo;un processeur Intel<\/a>, de plusieurs ports I\/O, et compatible avec Windows et Linux, elle assure une gestion rapide et efficace de vos transactions.<\/p>\n","protected":false},"excerpt":{"rendered":"<p>D\u00e9couvrez notre <a href=\"https:\/\/maroctactile.com\/index.php\/shop\/\">caisse enregistreuse au Maroc<\/a>, id\u00e9ale pour les caf\u00e9s et autres \u00e9tablissements de restauration. Dot\u00e9e d&rsquo;un \u00e9cran tactile de 15 ou 15.6 pouces, elle assure une gestion efficace et rapide de vos transactions.<\/p>\n<p>Couleur en option:<br \/>\n&#8211; Syst\u00e8me de point de vente tactile disponible en noir et blanc<\/p>\n<p>P\u00e9riph\u00e9riques en option:<br \/>\n&#8211; Lecteur de bande magn\u00e9tique ISO Track 1\/2\/3<br \/>\n&#8211; VFD afficheur Client<\/p>\n<p>Carte principale:<br \/>\n&#8211; Intel Processeur<\/p>\n<p>CPU:<br \/>\n&#8211; D2550\/Inter \/1037U dual core 1.8G<\/p>\n<p>Chipset:<br \/>\n&#8211; Intel D2550\/Inter 1037U + ICH8 Chipset<\/p>\n<p>Support de la m\u00e9moire:<br \/>\n&#8211; DDRIII 1066\/1333*1 2 Go (jusqu&rsquo;\u00e0 4 Go)<\/p>\n<p>Disque dur:<br \/>\n&#8211; SATA 2.5 320GB ou 500GB ou SSD 32GB\/128GB<\/p>\n<p>Taille du panneau LCD:<br \/>\n&#8211; LCD TFT 12, 15, 17 pouces en option<\/p>\n<p>R\u00e9solution:<br \/>\n&#8211; 1024*768 (max)<\/p>\n<p>\u00c9cran tactile:<br \/>\n&#8211; \u00c9cran tactile r\u00e9sistif \u00e0 5 fils<\/p>\n<p>Angle de vue:<br \/>\n&#8211; Horizon: 150\u00b0<br \/>\n&#8211; Vertical: 140\u00b0<\/p>\n<p>Luminosit\u00e9:<br \/>\n&#8211; 350 cd\/m\u00b2<\/p>\n<p>Ports I\/O:<br \/>\n&#8211; 1 * bouton d&rsquo;alimentation<br \/>\n&#8211; S\u00e9rie * 1 DB9 m\u00e2le\/s\u00e9rie * 2 DB9 m\u00e2le pour l&rsquo;option<br \/>\n&#8211; Parall\u00e8le: 1 * DB25 port parall\u00e8le<br \/>\n&#8211; VGA (15 Pin d-sub) * 1<br \/>\n&#8211; LAN: RJ-45 * 1<br \/>\n&#8211; HDMI * 1<br \/>\n&#8211; USB (2.0) * 4 ou USB * 6 en option<br \/>\n&#8211; Sortie Audio * 1<br \/>\n&#8211; 2 * haut-parleur interne (option)<br \/>\n&#8211; MIC IN * 1<\/p>\n<p>Dimensions\/Poids de l&#8217;emballage:<br \/>\n&#8211; 42 * 27 * 44 cm \/ 6.6 kgs<\/p>\n<p>Syst\u00e8me d&rsquo;exploitation:<br \/>\n&#8211; Windows XP professionnel\/XP int\u00e9gr\u00e9, WEPOS, Linux<\/p>\n<p>Adaptateur de puissance:<br \/>\n&#8211; Alimentation CA 110-240V \/ 50-60HZ, Entr\u00e9e CC 12\/5A sortie<\/p>\n<h5>Demander un devis:<\/h5>\n[wpforms id=\"2668\"]\n","protected":false},"featured_media":2694,"template":"","meta":{"_monsterinsights_skip_tracking":false,"_monsterinsights_sitenote_active":false,"_monsterinsights_sitenote_note":"","_monsterinsights_sitenote_category":0,"site-sidebar-layout":"default","site-content-layout":"","ast-site-content-layout":"default","site-content-style":"default","site-sidebar-style":"default","ast-global-header-display":"","ast-banner-title-visibility":"","ast-main-header-display":"","ast-hfb-above-header-display":"","ast-hfb-below-header-display":"","ast-hfb-mobile-header-display":"","site-post-title":"","ast-breadcrumbs-content":"","ast-featured-img":"","footer-sml-layout":"","ast-disable-related-posts":"","theme-transparent-header-meta":"default","adv-header-id-meta":"","stick-header-meta":"","header-above-stick-meta":"","header-main-stick-meta":"","header-below-stick-meta":"","astra-migrate-meta-layouts":"set","ast-page-background-enabled":"default","ast-page-background-meta":{"desktop":{"background-color":"var(--ast-global-color-4)","background-image":"","background-repeat":"repeat","background-position":"center center","background-size":"auto","background-attachment":"scroll","background-type":"","background-media":"","overlay-type":"","overlay-color":"","overlay-opacity":"","overlay-gradient":""},"tablet":{"background-color":"","background-image":"","background-repeat":"repeat","background-position":"center center","background-size":"auto","background-attachment":"scroll","background-type":"","background-media":"","overlay-type":"","overlay-color":"","overlay-opacity":"","overlay-gradient":""},"mobile":{"background-color":"","background-image":"","background-repeat":"repeat","background-position":"center center","background-size":"auto","background-attachment":"scroll","background-type":"","background-media":"","overlay-type":"","overlay-color":"","overlay-opacity":"","overlay-gradient":""}},"ast-content-background-meta":{"desktop":{"background-color":"var(--ast-global-color-5)","background-image":"","background-repeat":"repeat","background-position":"center center","background-size":"auto","background-attachment":"scroll","background-type":"","background-media":"","overlay-type":"","overlay-color":"","overlay-opacity":"","overlay-gradient":""},"tablet":{"background-color":"var(--ast-global-color-5)","background-image":"","background-repeat":"repeat","background-position":"center center","background-size":"auto","background-attachment":"scroll","background-type":"","background-media":"","overlay-type":"","overlay-color":"","overlay-opacity":"","overlay-gradient":""},"mobile":{"background-color":"var(--ast-global-color-5)","background-image":"","background-repeat":"repeat","background-position":"center center","background-size":"auto","background-attachment":"scroll","background-type":"","background-media":"","overlay-type":"","overlay-color":"","overlay-opacity":"","overlay-gradient":""}}},"product_brand":[],"product_cat":[60],"product_tag":[],"class_list":{"0":"post-2690","1":"product","2":"type-product","3":"status-publish","4":"has-post-thumbnail","6":"product_cat-systemes-de-paiement-electronique","7":"desktop-align-left","8":"tablet-align-left","9":"mobile-align-left","11":"first","12":"instock","13":"taxable","14":"shipping-taxable","15":"product-type-simple"},"aioseo_notices":[],"jetpack_sharing_enabled":true,"_links":{"self":[{"href":"https:\/\/maroctactile.com\/index.php\/wp-json\/wp\/v2\/product\/2690","targetHints":{"allow":["GET"]}}],"collection":[{"href":"https:\/\/maroctactile.com\/index.php\/wp-json\/wp\/v2\/product"}],"about":[{"href":"https:\/\/maroctactile.com\/index.php\/wp-json\/wp\/v2\/types\/product"}],"version-history":[{"count":5,"href":"https:\/\/maroctactile.com\/index.php\/wp-json\/wp\/v2\/product\/2690\/revisions"}],"predecessor-version":[{"id":2720,"href":"https:\/\/maroctactile.com\/index.php\/wp-json\/wp\/v2\/product\/2690\/revisions\/2720"}],"wp:featuredmedia":[{"embeddable":true,"href":"https:\/\/maroctactile.com\/index.php\/wp-json\/wp\/v2\/media\/2694"}],"wp:attachment":[{"href":"https:\/\/maroctactile.com\/index.php\/wp-json\/wp\/v2\/media?parent=2690"}],"wp:term":[{"taxonomy":"product_brand","embeddable":true,"href":"https:\/\/maroctactile.com\/index.php\/wp-json\/wp\/v2\/product_brand?post=2690"},{"taxonomy":"product_cat","embeddable":true,"href":"https:\/\/maroctactile.com\/index.php\/wp-json\/wp\/v2\/product_cat?post=2690"},{"taxonomy":"product_tag","embeddable":true,"href":"https:\/\/maroctactile.com\/index.php\/wp-json\/wp\/v2\/product_tag?post=2690"}],"curies":[{"name":"wp","href":"https:\/\/api.w.org\/{rel}","templated":true}]}}