{"id":2697,"date":"2024-07-08T18:51:41","date_gmt":"2024-07-08T17:51:41","guid":{"rendered":"https:\/\/maroctactile.com\/?post_type=product&#038;p=2697"},"modified":"2025-12-13T01:22:38","modified_gmt":"2025-12-13T01:22:38","slug":"terminal-de-paiement","status":"publish","type":"product","link":"https:\/\/maroctactile.com\/index.php\/produit\/terminal-de-paiement\/","title":{"rendered":"Terminal de Paiement"},"content":{"rendered":"<table style=\"font-size: 16px; font-style: normal;\">\n<thead>\n<tr>\n<th><strong>Cat\u00e9gorie<\/strong><\/th>\n<th><strong>D\u00e9tails<\/strong><\/th>\n<\/tr>\n<\/thead>\n<tbody>\n<tr>\n<td><strong>Marque<\/strong><\/td>\n<td>Ingenico<\/td>\n<\/tr>\n<tr>\n<td><strong>Mod\u00e8le constructeur<\/strong><\/td>\n<td>DESK\/5000-CL-EM-2LS<\/td>\n<\/tr>\n<tr>\n<td><strong>Gamme d\u2019appareil<\/strong><\/td>\n<td>Terminal de paiement fixe<\/td>\n<\/tr>\n<tr>\n<td><strong>Type de terminal<\/strong><\/td>\n<td>Terminal Fixe IP<\/td>\n<\/tr>\n<tr>\n<td><strong>Poids<\/strong><\/td>\n<td>340 g (hors rouleau de papier)<\/td>\n<\/tr>\n<tr>\n<td><strong>Normes TPE<\/strong><\/td>\n<td>Conforme aux normes CB6\/FRv6 et au R\u00e8glement Europ\u00e9en UE n\u00b02015\/751<\/td>\n<\/tr>\n<tr>\n<td><strong>Imprimante thermique<\/strong><\/td>\n<td>20 lignes\/seconde<\/td>\n<\/tr>\n<tr>\n<td><strong>Processeur<\/strong><\/td>\n<td>Cortex A5 32 bits RISC<\/td>\n<\/tr>\n<tr>\n<td><strong>M\u00e9moire<\/strong><\/td>\n<td>512 Mo Flash, 512 Mo RAM<\/td>\n<\/tr>\n<tr>\n<td><strong>Syst\u00e8me d\u2019exploitation<\/strong><\/td>\n<td>TELIUM Tetra<\/td>\n<\/tr>\n<tr>\n<td><strong>Lecteurs de cartes<\/strong><\/td>\n<td>Carte \u00e0 piste ISO 1\/2\/3, carte \u00e0 puce EMV Level 1, sans-contact<\/td>\n<\/tr>\n<tr>\n<td><strong>Afficheur<\/strong><\/td>\n<td>\u00c9cran couleur 3.5\u2019\u2019 HVGA (480 x 320 pixels)<\/td>\n<\/tr>\n<tr>\n<td><strong>\u00c9cran tactile<\/strong><\/td>\n<td>R\u00e9sistif, digital &amp; stylet<\/td>\n<\/tr>\n<tr>\n<td><strong>Clavier<\/strong><\/td>\n<td>16 touches ergonomiques r\u00e9tro\u00e9clair\u00e9es<\/td>\n<\/tr>\n<tr>\n<td><strong>Audio<\/strong><\/td>\n<td>Buzzer<\/td>\n<\/tr>\n<tr>\n<td><strong>Vid\u00e9o<\/strong><\/td>\n<td>Acc\u00e9l\u00e9rateur vid\u00e9o, Codec H264<\/td>\n<\/tr>\n<tr>\n<td><strong>Connectivit\u00e9 filaire<\/strong><\/td>\n<td>Ethernet RJ45 10\/100, Modem RTC<\/td>\n<\/tr>\n<tr>\n<td><strong>Ports de communication<\/strong><\/td>\n<td>Alimentation Jack, S\u00e9rie RS-232, USB H\u00f4te, USB Slave<\/td>\n<\/tr>\n<tr>\n<td><strong>S\u00e9curit\u00e9<\/strong><\/td>\n<td>Certification PCI PTS 4.xx<\/td>\n<\/tr>\n<tr>\n<td><strong>Dimensions<\/strong><\/td>\n<td>187 x 82 x 68 mm<\/td>\n<\/tr>\n<tr>\n<td><strong>Garantie constructeur<\/strong><\/td>\n<td>1 an<\/td>\n<\/tr>\n<\/tbody>\n<\/table>\n","protected":false},"excerpt":{"rendered":"<\/p>\n<p><strong>Terminal de Paiement<\/strong><\/p>\n<p>Nous vendons des terminaux de paiement fixes au Maroc. Nos appareils sont certifi\u00e9s, s\u00e9curis\u00e9s et performants, avec un \u00e9cran tactile r\u00e9sistant et une connectivit\u00e9 compl\u00e8te pour des transactions rapides et fiables.<\/p>\n","protected":false},"featured_media":2701,"template":"","meta":{"_monsterinsights_skip_tracking":false,"_monsterinsights_sitenote_active":false,"_monsterinsights_sitenote_note":"","_monsterinsights_sitenote_category":0,"site-sidebar-layout":"default","site-content-layout":"","ast-site-content-layout":"default","site-content-style":"default","site-sidebar-style":"default","ast-global-header-display":"","ast-banner-title-visibility":"","ast-main-header-display":"","ast-hfb-above-header-display":"","ast-hfb-below-header-display":"","ast-hfb-mobile-header-display":"","site-post-title":"","ast-breadcrumbs-content":"","ast-featured-img":"","footer-sml-layout":"","ast-disable-related-posts":"","theme-transparent-header-meta":"default","adv-header-id-meta":"","stick-header-meta":"","header-above-stick-meta":"","header-main-stick-meta":"","header-below-stick-meta":"","astra-migrate-meta-layouts":"set","ast-page-background-enabled":"default","ast-page-background-meta":{"desktop":{"background-color":"var(--ast-global-color-4)","background-image":"","background-repeat":"repeat","background-position":"center center","background-size":"auto","background-attachment":"scroll","background-type":"","background-media":"","overlay-type":"","overlay-color":"","overlay-opacity":"","overlay-gradient":""},"tablet":{"background-color":"","background-image":"","background-repeat":"repeat","background-position":"center center","background-size":"auto","background-attachment":"scroll","background-type":"","background-media":"","overlay-type":"","overlay-color":"","overlay-opacity":"","overlay-gradient":""},"mobile":{"background-color":"","background-image":"","background-repeat":"repeat","background-position":"center center","background-size":"auto","background-attachment":"scroll","background-type":"","background-media":"","overlay-type":"","overlay-color":"","overlay-opacity":"","overlay-gradient":""}},"ast-content-background-meta":{"desktop":{"background-color":"var(--ast-global-color-5)","background-image":"","background-repeat":"repeat","background-position":"center center","background-size":"auto","background-attachment":"scroll","background-type":"","background-media":"","overlay-type":"","overlay-color":"","overlay-opacity":"","overlay-gradient":""},"tablet":{"background-color":"var(--ast-global-color-5)","background-image":"","background-repeat":"repeat","background-position":"center center","background-size":"auto","background-attachment":"scroll","background-type":"","background-media":"","overlay-type":"","overlay-color":"","overlay-opacity":"","overlay-gradient":""},"mobile":{"background-color":"var(--ast-global-color-5)","background-image":"","background-repeat":"repeat","background-position":"center center","background-size":"auto","background-attachment":"scroll","background-type":"","background-media":"","overlay-type":"","overlay-color":"","overlay-opacity":"","overlay-gradient":""}}},"product_brand":[],"product_cat":[60],"product_tag":[],"class_list":{"0":"post-2697","1":"product","2":"type-product","3":"status-publish","4":"has-post-thumbnail","6":"product_cat-systemes-de-paiement-electronique","7":"desktop-align-left","8":"tablet-align-left","9":"mobile-align-left","11":"first","12":"instock","13":"taxable","14":"shipping-taxable","15":"purchasable","16":"product-type-simple"},"aioseo_notices":[],"jetpack_sharing_enabled":true,"_links":{"self":[{"href":"https:\/\/maroctactile.com\/index.php\/wp-json\/wp\/v2\/product\/2697","targetHints":{"allow":["GET"]}}],"collection":[{"href":"https:\/\/maroctactile.com\/index.php\/wp-json\/wp\/v2\/product"}],"about":[{"href":"https:\/\/maroctactile.com\/index.php\/wp-json\/wp\/v2\/types\/product"}],"version-history":[{"count":8,"href":"https:\/\/maroctactile.com\/index.php\/wp-json\/wp\/v2\/product\/2697\/revisions"}],"predecessor-version":[{"id":4617,"href":"https:\/\/maroctactile.com\/index.php\/wp-json\/wp\/v2\/product\/2697\/revisions\/4617"}],"wp:featuredmedia":[{"embeddable":true,"href":"https:\/\/maroctactile.com\/index.php\/wp-json\/wp\/v2\/media\/2701"}],"wp:attachment":[{"href":"https:\/\/maroctactile.com\/index.php\/wp-json\/wp\/v2\/media?parent=2697"}],"wp:term":[{"taxonomy":"product_brand","embeddable":true,"href":"https:\/\/maroctactile.com\/index.php\/wp-json\/wp\/v2\/product_brand?post=2697"},{"taxonomy":"product_cat","embeddable":true,"href":"https:\/\/maroctactile.com\/index.php\/wp-json\/wp\/v2\/product_cat?post=2697"},{"taxonomy":"product_tag","embeddable":true,"href":"https:\/\/maroctactile.com\/index.php\/wp-json\/wp\/v2\/product_tag?post=2697"}],"curies":[{"name":"wp","href":"https:\/\/api.w.org\/{rel}","templated":true}]}}