{"id":3637,"date":"2025-02-22T17:00:33","date_gmt":"2025-02-22T17:00:33","guid":{"rendered":"https:\/\/maroctactile.com\/?post_type=product&#038;p=3637"},"modified":"2025-12-13T00:46:00","modified_gmt":"2025-12-13T00:46:00","slug":"huawei-smart-board-lecran-tactile-interactif-smart","status":"publish","type":"product","link":"https:\/\/maroctactile.com\/index.php\/produit\/huawei-smart-board-lecran-tactile-interactif-smart\/","title":{"rendered":"Huawei Smart board"},"content":{"rendered":"\t\t<div data-elementor-type=\"wp-post\" data-elementor-id=\"3637\" class=\"elementor elementor-3637\">\n\t\t\t\t<div class=\"elementor-element elementor-element-68abfde e-flex e-con-boxed e-con e-parent\" data-id=\"68abfde\" data-element_type=\"container\" data-e-type=\"container\">\n\t\t\t\t\t<div class=\"e-con-inner\">\n\t\t\t\t<div class=\"elementor-element elementor-element-0265e49 elementor-widget elementor-widget-button\" data-id=\"0265e49\" data-element_type=\"widget\" data-e-type=\"widget\" data-widget_type=\"button.default\">\n\t\t\t\t<div class=\"elementor-widget-container\">\n\t\t\t\t\t\t\t\t\t<div class=\"elementor-button-wrapper\">\n\t\t\t\t\t<a class=\"elementor-button elementor-button-link elementor-size-sm\" href=\"http:\/\/maroctactile.com\/wp-content\/uploads\/2025\/02\/00-HUAWEI-IdeaHub-Pro-IdeaHub-S-datasheet-French-v1.6-1-1-7_compressed-1.pdf\">\n\t\t\t\t\t\t<span class=\"elementor-button-content-wrapper\">\n\t\t\t\t\t\t<span class=\"elementor-button-icon\">\n\t\t\t\t<svg aria-hidden=\"true\" class=\"e-font-icon-svg e-far-check-circle\" viewBox=\"0 0 512 512\" xmlns=\"http:\/\/www.w3.org\/2000\/svg\"><path d=\"M256 8C119.033 8 8 119.033 8 256s111.033 248 248 248 248-111.033 248-248S392.967 8 256 8zm0 48c110.532 0 200 89.451 200 200 0 110.532-89.451 200-200 200-110.532 0-200-89.451-200-200 0-110.532 89.451-200 200-200m140.204 130.267l-22.536-22.718c-4.667-4.705-12.265-4.736-16.97-.068L215.346 303.697l-59.792-60.277c-4.667-4.705-12.265-4.736-16.97-.069l-22.719 22.536c-4.705 4.667-4.736 12.265-.068 16.971l90.781 91.516c4.667 4.705 12.265 4.736 16.97.068l172.589-171.204c4.704-4.668 4.734-12.266.067-16.971z\"><\/path><\/svg>\t\t\t<\/span>\n\t\t\t\t\t\t\t\t\t<span class=\"elementor-button-text\">Fiche technique<\/span>\n\t\t\t\t\t<\/span>\n\t\t\t\t\t<\/a>\n\t\t\t\t<\/div>\n\t\t\t\t\t\t\t\t<\/div>\n\t\t\t\t<\/div>\n\t\t\t\t\t<\/div>\n\t\t\t\t<\/div>\n\t\t<div class=\"elementor-element elementor-element-3a4b27be e-flex e-con-boxed e-con e-parent\" data-id=\"3a4b27be\" data-element_type=\"container\" data-e-type=\"container\">\n\t\t\t\t\t<div class=\"e-con-inner\">\n\t\t\t\t<div class=\"elementor-element elementor-element-5fe47acf elementor-widget elementor-widget-text-editor\" data-id=\"5fe47acf\" data-element_type=\"widget\" data-e-type=\"widget\" data-widget_type=\"text-editor.default\">\n\t\t\t\t<div class=\"elementor-widget-container\">\n\t\t\t\t\t\t\t\t\tD\u00e9couvrez les \u00e9crans interactifs huawei\u00a0 <strong data-start=\"188\" data-end=\"207\">IdeaHub Pro 65\u2033<\/strong>\u00a0et\u00a0<strong data-start=\"211\" data-end=\"218\">86\u2033<\/strong>, des solutions modernes de collaboration avec des r\u00e9solutions 4K. Ces mod\u00e8les offrent une connectivit\u00e9 compl\u00e8te avec des ports HDMI, USB et audio, id\u00e9aux pour les entreprises au Maroc. Optimisez vos r\u00e9unions et pr\u00e9sentations avec une technologie de pointe.\t\t\t\t\t\t\t\t<\/div>\n\t\t\t\t<\/div>\n\t\t\t\t\t<\/div>\n\t\t\t\t<\/div>\n\t\t\t\t<\/div>\n\t\t","protected":false},"excerpt":{"rendered":"<\/p>\n<p data-start=\"477\" data-end=\"836\">Les \u00e9crans tactiles interactifs\u00a0<strong data-start=\"532\" data-end=\"547\">IdeaHub Pro<\/strong>\u00a0en\u00a0<strong data-start=\"551\" data-end=\"558\">65\u2033<\/strong>\u00a0et\u00a0<strong data-start=\"562\" data-end=\"569\">86\u2033<\/strong>\u00a0sont des solutions id\u00e9ales pour les entreprises marocaines cherchant \u00e0 am\u00e9liorer la collaboration et la productivit\u00e9. Avec une r\u00e9solution 4K, ces mod\u00e8les offrent une exp\u00e9rience visuelle nette et fluide pour toutes vos r\u00e9unions, pr\u00e9sentations, et sessions de travail.<\/p>\n<p data-start=\"838\" data-end=\"1219\">Les\u00a0<strong data-start=\"842\" data-end=\"861\">IdeaHub Pro 65\u2033<\/strong>\u00a0et\u00a0<strong data-start=\"865\" data-end=\"872\">86\u2033<\/strong>\u00a0sont dot\u00e9s de multiples ports, dont des entr\u00e9es HDMI 4K, USB Type-A et -B, ainsi qu\u2019une connexion RJ45 (LAN 10\/100\/1000 Mbit\/s), assurant une connectivit\u00e9 optimale pour vos besoins professionnels. Que ce soit pour connecter des appareils externes, des cam\u00e9ras ou pour partager des pr\u00e9sentations, ces \u00e9crans offrent une flexibilit\u00e9 exceptionnelle.<\/p>\n<p data-start=\"1221\" data-end=\"1712\">Ces mod\u00e8les disposent d\u2019une puissance allant de 350W (65\u2033) \u00e0 450W (86\u2033) et peuvent fonctionner sur une alimentation de 100V \u00e0 240V AC. Gr\u00e2ce \u00e0 leur conception robuste et \u00e0 leur faible \u00e9mission sonore (&lt;46 dB), ils garantissent un environnement de travail confortable et silencieux. Ils peuvent fonctionner dans des temp\u00e9ratures allant de 0\u00b0C \u00e0 40\u00b0C (en fonctionnement) et r\u00e9sister \u00e0 une altitude inf\u00e9rieure \u00e0 5000m, ce qui les rend adapt\u00e9s \u00e0 diff\u00e9rents types d\u2019environnements professionnels.<\/p>\n<p data-start=\"1714\" data-end=\"2048\">Les dimensions et poids des deux mod\u00e8les sont con\u00e7us pour une installation facile, avec un\u00a0<strong data-start=\"1805\" data-end=\"1818\">poids net<\/strong>\u00a0de 50kg pour le\u00a0<strong data-start=\"1835\" data-end=\"1842\">65\u2033<\/strong>\u00a0et de 90kg pour le\u00a0<strong data-start=\"1862\" data-end=\"1869\">86\u2033<\/strong>. Certifi\u00e9s conformes aux normes\u00a0<strong data-start=\"1902\" data-end=\"1933\">CCC, CE (RoHS, REACH, DEEE)<\/strong>,\u00a0<strong data-start=\"1935\" data-end=\"1943\">VCCI<\/strong>, et poss\u00e9dant un certificat de conformit\u00e9 radio, ces \u00e9crans offrent une qualit\u00e9 et une s\u00e9curit\u00e9 \u00e9lev\u00e9es.<\/p>\n","protected":false},"featured_media":3993,"template":"","meta":{"_monsterinsights_skip_tracking":false,"_monsterinsights_sitenote_active":false,"_monsterinsights_sitenote_note":"","_monsterinsights_sitenote_category":0,"site-sidebar-layout":"default","site-content-layout":"","ast-site-content-layout":"default","site-content-style":"default","site-sidebar-style":"default","ast-global-header-display":"","ast-banner-title-visibility":"","ast-main-header-display":"","ast-hfb-above-header-display":"","ast-hfb-below-header-display":"","ast-hfb-mobile-header-display":"","site-post-title":"","ast-breadcrumbs-content":"","ast-featured-img":"","footer-sml-layout":"","ast-disable-related-posts":"","theme-transparent-header-meta":"default","adv-header-id-meta":"","stick-header-meta":"","header-above-stick-meta":"","header-main-stick-meta":"","header-below-stick-meta":"","astra-migrate-meta-layouts":"set","ast-page-background-enabled":"default","ast-page-background-meta":{"desktop":{"background-color":"var(--ast-global-color-4)","background-image":"","background-repeat":"repeat","background-position":"center center","background-size":"auto","background-attachment":"scroll","background-type":"","background-media":"","overlay-type":"","overlay-color":"","overlay-opacity":"","overlay-gradient":""},"tablet":{"background-color":"","background-image":"","background-repeat":"repeat","background-position":"center center","background-size":"auto","background-attachment":"scroll","background-type":"","background-media":"","overlay-type":"","overlay-color":"","overlay-opacity":"","overlay-gradient":""},"mobile":{"background-color":"","background-image":"","background-repeat":"repeat","background-position":"center center","background-size":"auto","background-attachment":"scroll","background-type":"","background-media":"","overlay-type":"","overlay-color":"","overlay-opacity":"","overlay-gradient":""}},"ast-content-background-meta":{"desktop":{"background-color":"var(--ast-global-color-5)","background-image":"","background-repeat":"repeat","background-position":"center center","background-size":"auto","background-attachment":"scroll","background-type":"","background-media":"","overlay-type":"","overlay-color":"","overlay-opacity":"","overlay-gradient":""},"tablet":{"background-color":"var(--ast-global-color-5)","background-image":"","background-repeat":"repeat","background-position":"center center","background-size":"auto","background-attachment":"scroll","background-type":"","background-media":"","overlay-type":"","overlay-color":"","overlay-opacity":"","overlay-gradient":""},"mobile":{"background-color":"var(--ast-global-color-5)","background-image":"","background-repeat":"repeat","background-position":"center center","background-size":"auto","background-attachment":"scroll","background-type":"","background-media":"","overlay-type":"","overlay-color":"","overlay-opacity":"","overlay-gradient":""}}},"product_brand":[],"product_cat":[42],"product_tag":[],"class_list":{"0":"post-3637","1":"product","2":"type-product","3":"status-publish","4":"has-post-thumbnail","6":"product_cat-borne-tactile","7":"desktop-align-left","8":"tablet-align-left","9":"mobile-align-left","11":"first","12":"instock","13":"sale","14":"taxable","15":"shipping-taxable","16":"purchasable","17":"product-type-simple"},"aioseo_notices":[],"jetpack_sharing_enabled":true,"_links":{"self":[{"href":"https:\/\/maroctactile.com\/index.php\/wp-json\/wp\/v2\/product\/3637","targetHints":{"allow":["GET"]}}],"collection":[{"href":"https:\/\/maroctactile.com\/index.php\/wp-json\/wp\/v2\/product"}],"about":[{"href":"https:\/\/maroctactile.com\/index.php\/wp-json\/wp\/v2\/types\/product"}],"version-history":[{"count":10,"href":"https:\/\/maroctactile.com\/index.php\/wp-json\/wp\/v2\/product\/3637\/revisions"}],"predecessor-version":[{"id":4572,"href":"https:\/\/maroctactile.com\/index.php\/wp-json\/wp\/v2\/product\/3637\/revisions\/4572"}],"wp:featuredmedia":[{"embeddable":true,"href":"https:\/\/maroctactile.com\/index.php\/wp-json\/wp\/v2\/media\/3993"}],"wp:attachment":[{"href":"https:\/\/maroctactile.com\/index.php\/wp-json\/wp\/v2\/media?parent=3637"}],"wp:term":[{"taxonomy":"product_brand","embeddable":true,"href":"https:\/\/maroctactile.com\/index.php\/wp-json\/wp\/v2\/product_brand?post=3637"},{"taxonomy":"product_cat","embeddable":true,"href":"https:\/\/maroctactile.com\/index.php\/wp-json\/wp\/v2\/product_cat?post=3637"},{"taxonomy":"product_tag","embeddable":true,"href":"https:\/\/maroctactile.com\/index.php\/wp-json\/wp\/v2\/product_tag?post=3637"}],"curies":[{"name":"wp","href":"https:\/\/api.w.org\/{rel}","templated":true}]}}