{"id":3647,"date":"2025-03-05T21:20:00","date_gmt":"2025-03-05T21:20:00","guid":{"rendered":"https:\/\/maroctactile.com\/?post_type=product&#038;p=3647"},"modified":"2025-12-13T00:46:40","modified_gmt":"2025-12-13T00:46:40","slug":"borne-arcade-au-maroc","status":"publish","type":"product","link":"https:\/\/maroctactile.com\/index.php\/produit\/borne-arcade-au-maroc\/","title":{"rendered":"Borne Arcade au Maroc"},"content":{"rendered":"\t\t<div data-elementor-type=\"wp-post\" data-elementor-id=\"3647\" class=\"elementor elementor-3647\">\n\t\t\t\t<div class=\"elementor-element elementor-element-d56f106 e-flex e-con-boxed e-con e-parent\" data-id=\"d56f106\" data-element_type=\"container\" data-e-type=\"container\">\n\t\t\t\t\t<div class=\"e-con-inner\">\n\t\t\t\t<div class=\"elementor-element elementor-element-8d89ca2 elementor-widget elementor-widget-button\" data-id=\"8d89ca2\" data-element_type=\"widget\" data-e-type=\"widget\" data-widget_type=\"button.default\">\n\t\t\t\t<div class=\"elementor-widget-container\">\n\t\t\t\t\t\t\t\t\t<div class=\"elementor-button-wrapper\">\n\t\t\t\t\t<a class=\"elementor-button elementor-button-link elementor-size-sm\" href=\"http:\/\/maroctactile.com\/wp-content\/uploads\/2025\/04\/CATALOGUE-Arcade-games.pdf\">\n\t\t\t\t\t\t<span class=\"elementor-button-content-wrapper\">\n\t\t\t\t\t\t\t\t\t<span class=\"elementor-button-text\">Fiche technique<\/span>\n\t\t\t\t\t<\/span>\n\t\t\t\t\t<\/a>\n\t\t\t\t<\/div>\n\t\t\t\t\t\t\t\t<\/div>\n\t\t\t\t<\/div>\n\t\t\t\t\t<\/div>\n\t\t\t\t<\/div>\n\t\t<div class=\"elementor-element elementor-element-346ab5ee e-flex e-con-boxed e-con e-parent\" data-id=\"346ab5ee\" data-element_type=\"container\" data-e-type=\"container\">\n\t\t\t\t\t<div class=\"e-con-inner\">\n\t\t\t\t<div class=\"elementor-element elementor-element-1480363f elementor-widget elementor-widget-text-editor\" data-id=\"1480363f\" data-element_type=\"widget\" data-e-type=\"widget\" data-widget_type=\"text-editor.default\">\n\t\t\t\t<div class=\"elementor-widget-container\">\n\t\t\t\t\t\t\t\t\t<p data-start=\"78\" data-end=\"237\">D\u00e9couvrez notre <a href=\"https:\/\/maroctactile.com\/index.php\/produit\/borne-interactive\/\"><strong data-start=\"134\" data-end=\"160\">borne arcade<\/strong><\/a> <strong data-start=\"134\" data-end=\"160\">classique<\/strong> avec <strong data-start=\"166\" data-end=\"186\">5000 jeux cultes<\/strong>, id\u00e9ale pour les amateurs de r\u00e9tro gaming !<\/p><p data-start=\"239\" data-end=\"426\">Poids : 65 kg<br data-start=\"258\" data-end=\"261\" \/>Dimensions : 55 \u00d7 64 \u00d7 170 cm<br data-start=\"363\" data-end=\"366\" \/>Exp\u00e9rience authentique des jeux d&rsquo;arcade l\u00e9gendaires<\/p><p data-start=\"239\" data-end=\"426\">Nous proposons \u00e9galement de <strong data-start=\"451\" data-end=\"482\">personnaliser le rev\u00eatement<\/strong> selon vos pr\u00e9f\u00e9rences.<\/p><p data-start=\"428\" data-end=\"551\">Parfait pour les passionn\u00e9s de jeux r\u00e9tro, les caf\u00e9s gaming ou les espaces de loisirs. Livraison rapide au Maroc<\/p>\t\t\t\t\t\t\t\t<\/div>\n\t\t\t\t<\/div>\n\t\t\t\t\t<\/div>\n\t\t\t\t<\/div>\n\t\t\t\t<\/div>\n\t\t","protected":false},"excerpt":{"rendered":"<p data-start=\"0\" data-end=\"322\">D\u00e9couvrez la <strong data-start=\"13\" data-end=\"39\">borne arcade classique au maroc, <\/strong>\u00a0id\u00e9ale pour les passionn\u00e9s de r\u00e9tro gaming ! 65 kg avec 5000 jeux cultes \u2013 Dimensions 55 \u00d7 64 \u00d7 170 cm elle vous plonge dans l\u2019univers des classiques d\u2019arcade pour une exp\u00e9rience authentique. Son design robuste et soign\u00e9 en fait un excellent choix pour la maison, les caf\u00e9s gaming ou les espaces de loisirs.<\/p>\n<p data-start=\"324\" data-end=\"350\">\u2728 <strong data-start=\"326\" data-end=\"348\">Caract\u00e9ristiques :<\/strong><\/p>\n<ul data-start=\"351\" data-end=\"509\">\n<li data-start=\"351\" data-end=\"405\">Grande s\u00e9lection de jeux d\u2019arcade embl\u00e9matiques \ud83c\udfae<\/li>\n<li data-start=\"406\" data-end=\"453\">Construction solide et finitions de qualit\u00e9<\/li>\n<li data-start=\"454\" data-end=\"509\">65 kg avec 5000 jeux cultes \u2013 Dimensions 55 \u00d7 64 \u00d7 170 cm<\/li>\n<li>Disponible au Maroc avec option de personnalisation<\/li>\n<\/ul>\n<p data-start=\"511\" data-end=\"570\" data-is-last-node=\"\" data-is-only-node=\"\"><strong data-start=\"511\" data-end=\"567\">Revivez la nostalgie des jeux r\u00e9tro d\u00e8s maintenant !<\/strong><\/p>\n","protected":false},"featured_media":3653,"template":"","meta":{"_monsterinsights_skip_tracking":false,"_monsterinsights_sitenote_active":false,"_monsterinsights_sitenote_note":"","_monsterinsights_sitenote_category":0,"site-sidebar-layout":"default","site-content-layout":"","ast-site-content-layout":"default","site-content-style":"default","site-sidebar-style":"default","ast-global-header-display":"","ast-banner-title-visibility":"","ast-main-header-display":"","ast-hfb-above-header-display":"","ast-hfb-below-header-display":"","ast-hfb-mobile-header-display":"","site-post-title":"","ast-breadcrumbs-content":"","ast-featured-img":"","footer-sml-layout":"","ast-disable-related-posts":"","theme-transparent-header-meta":"default","adv-header-id-meta":"","stick-header-meta":"","header-above-stick-meta":"","header-main-stick-meta":"","header-below-stick-meta":"","astra-migrate-meta-layouts":"set","ast-page-background-enabled":"default","ast-page-background-meta":{"desktop":{"background-color":"var(--ast-global-color-4)","background-image":"","background-repeat":"repeat","background-position":"center center","background-size":"auto","background-attachment":"scroll","background-type":"","background-media":"","overlay-type":"","overlay-color":"","overlay-opacity":"","overlay-gradient":""},"tablet":{"background-color":"","background-image":"","background-repeat":"repeat","background-position":"center center","background-size":"auto","background-attachment":"scroll","background-type":"","background-media":"","overlay-type":"","overlay-color":"","overlay-opacity":"","overlay-gradient":""},"mobile":{"background-color":"","background-image":"","background-repeat":"repeat","background-position":"center center","background-size":"auto","background-attachment":"scroll","background-type":"","background-media":"","overlay-type":"","overlay-color":"","overlay-opacity":"","overlay-gradient":""}},"ast-content-background-meta":{"desktop":{"background-color":"var(--ast-global-color-5)","background-image":"","background-repeat":"repeat","background-position":"center center","background-size":"auto","background-attachment":"scroll","background-type":"","background-media":"","overlay-type":"","overlay-color":"","overlay-opacity":"","overlay-gradient":""},"tablet":{"background-color":"var(--ast-global-color-5)","background-image":"","background-repeat":"repeat","background-position":"center center","background-size":"auto","background-attachment":"scroll","background-type":"","background-media":"","overlay-type":"","overlay-color":"","overlay-opacity":"","overlay-gradient":""},"mobile":{"background-color":"var(--ast-global-color-5)","background-image":"","background-repeat":"repeat","background-position":"center center","background-size":"auto","background-attachment":"scroll","background-type":"","background-media":"","overlay-type":"","overlay-color":"","overlay-opacity":"","overlay-gradient":""}}},"product_brand":[],"product_cat":[62],"product_tag":[],"class_list":{"0":"post-3647","1":"product","2":"type-product","3":"status-publish","4":"has-post-thumbnail","6":"product_cat-borne-arcade","7":"desktop-align-left","8":"tablet-align-left","9":"mobile-align-left","11":"first","12":"instock","13":"sale","14":"taxable","15":"shipping-taxable","16":"purchasable","17":"product-type-simple"},"aioseo_notices":[],"jetpack_sharing_enabled":true,"_links":{"self":[{"href":"https:\/\/maroctactile.com\/index.php\/wp-json\/wp\/v2\/product\/3647","targetHints":{"allow":["GET"]}}],"collection":[{"href":"https:\/\/maroctactile.com\/index.php\/wp-json\/wp\/v2\/product"}],"about":[{"href":"https:\/\/maroctactile.com\/index.php\/wp-json\/wp\/v2\/types\/product"}],"version-history":[{"count":9,"href":"https:\/\/maroctactile.com\/index.php\/wp-json\/wp\/v2\/product\/3647\/revisions"}],"predecessor-version":[{"id":4573,"href":"https:\/\/maroctactile.com\/index.php\/wp-json\/wp\/v2\/product\/3647\/revisions\/4573"}],"wp:featuredmedia":[{"embeddable":true,"href":"https:\/\/maroctactile.com\/index.php\/wp-json\/wp\/v2\/media\/3653"}],"wp:attachment":[{"href":"https:\/\/maroctactile.com\/index.php\/wp-json\/wp\/v2\/media?parent=3647"}],"wp:term":[{"taxonomy":"product_brand","embeddable":true,"href":"https:\/\/maroctactile.com\/index.php\/wp-json\/wp\/v2\/product_brand?post=3647"},{"taxonomy":"product_cat","embeddable":true,"href":"https:\/\/maroctactile.com\/index.php\/wp-json\/wp\/v2\/product_cat?post=3647"},{"taxonomy":"product_tag","embeddable":true,"href":"https:\/\/maroctactile.com\/index.php\/wp-json\/wp\/v2\/product_tag?post=3647"}],"curies":[{"name":"wp","href":"https:\/\/api.w.org\/{rel}","templated":true}]}}