{"id":3731,"date":"2025-04-21T16:54:44","date_gmt":"2025-04-21T15:54:44","guid":{"rendered":"https:\/\/maroctactile.com\/?post_type=product&#038;p=3731"},"modified":"2025-12-13T01:16:16","modified_gmt":"2025-12-13T01:16:16","slug":"teraz-pos-terminal-tactile-au-maroc","status":"publish","type":"product","link":"https:\/\/maroctactile.com\/index.php\/produit\/teraz-pos-terminal-tactile-au-maroc\/","title":{"rendered":"Terminal tactile au maroc &#8211; Teraz POS"},"content":{"rendered":"<table>\n<thead>\n<tr>\n<th><strong>Caract\u00e9ristique<\/strong><\/th>\n<th><strong>D\u00e9tails<\/strong><\/th>\n<\/tr>\n<\/thead>\n<tbody>\n<tr>\n<td><strong>Mod\u00e8le<\/strong><\/td>\n<td>Teraz POS<\/td>\n<\/tr>\n<tr>\n<td><strong>Couleur<\/strong><\/td>\n<td>Noir, Argent<\/td>\n<\/tr>\n<tr>\n<td><strong>Processeur (CPU)<\/strong><\/td>\n<td>Intel Core i3, Intel Core i5, Intel Core i7<\/td>\n<\/tr>\n<tr>\n<td><strong>Taille de l&rsquo;\u00e9cran<\/strong><\/td>\n<td>15&Prime;, 15.6&Prime;<\/td>\n<\/tr>\n<tr>\n<td><strong>RAM<\/strong><\/td>\n<td>4 GB<\/td>\n<\/tr>\n<tr>\n<td><strong>SSD<\/strong><\/td>\n<td>64 GB, 128 GB, 256 GB<\/td>\n<\/tr>\n<tr>\n<td><strong>Type d&rsquo;\u00e9cran tactile<\/strong><\/td>\n<td>\u00c9cran capacitif<\/td>\n<\/tr>\n<tr>\n<td><strong>Syst\u00e8me d&rsquo;exploitation POS<\/strong><\/td>\n<td>Windows 10, Windows 7, Windows 8<\/td>\n<\/tr>\n<\/tbody>\n<\/table>\n","protected":false},"excerpt":{"rendered":"<\/p>\n<p><strong data-start=\"52\" data-end=\"65\">Teraz POS<\/strong> est un syst\u00e8me de point de vente moderne et performant, con\u00e7u pour r\u00e9pondre aux besoins des entreprises d&rsquo;aujourd&rsquo;hui. Disponible en noir et argent, il est \u00e9quip\u00e9 d\u2019un \u00e9cran tactile capacitif de 15 ou 15,6 pouces offrant une navigation fluide et intuitive. Propuls\u00e9 par un processeur Intel Core i3, i5 ou i7, avec 4 Go de RAM et des options de stockage SSD de 64 Go, 128 Go ou 256 Go, il garantit rapidit\u00e9 et efficacit\u00e9. Compatible avec Windows 7, 8 et 10, le Teraz POS est id\u00e9al pour les secteurs du commerce de d\u00e9tail et de la restauration.<\/p>\n","protected":false},"featured_media":3736,"template":"","meta":{"_monsterinsights_skip_tracking":false,"_monsterinsights_sitenote_active":false,"_monsterinsights_sitenote_note":"","_monsterinsights_sitenote_category":0,"site-sidebar-layout":"default","site-content-layout":"","ast-site-content-layout":"default","site-content-style":"default","site-sidebar-style":"default","ast-global-header-display":"","ast-banner-title-visibility":"","ast-main-header-display":"","ast-hfb-above-header-display":"","ast-hfb-below-header-display":"","ast-hfb-mobile-header-display":"","site-post-title":"","ast-breadcrumbs-content":"","ast-featured-img":"","footer-sml-layout":"","ast-disable-related-posts":"","theme-transparent-header-meta":"default","adv-header-id-meta":"","stick-header-meta":"","header-above-stick-meta":"","header-main-stick-meta":"","header-below-stick-meta":"","astra-migrate-meta-layouts":"set","ast-page-background-enabled":"default","ast-page-background-meta":{"desktop":{"background-color":"var(--ast-global-color-4)","background-image":"","background-repeat":"repeat","background-position":"center center","background-size":"auto","background-attachment":"scroll","background-type":"","background-media":"","overlay-type":"","overlay-color":"","overlay-opacity":"","overlay-gradient":""},"tablet":{"background-color":"","background-image":"","background-repeat":"repeat","background-position":"center center","background-size":"auto","background-attachment":"scroll","background-type":"","background-media":"","overlay-type":"","overlay-color":"","overlay-opacity":"","overlay-gradient":""},"mobile":{"background-color":"","background-image":"","background-repeat":"repeat","background-position":"center center","background-size":"auto","background-attachment":"scroll","background-type":"","background-media":"","overlay-type":"","overlay-color":"","overlay-opacity":"","overlay-gradient":""}},"ast-content-background-meta":{"desktop":{"background-color":"var(--ast-global-color-5)","background-image":"","background-repeat":"repeat","background-position":"center center","background-size":"auto","background-attachment":"scroll","background-type":"","background-media":"","overlay-type":"","overlay-color":"","overlay-opacity":"","overlay-gradient":""},"tablet":{"background-color":"var(--ast-global-color-5)","background-image":"","background-repeat":"repeat","background-position":"center center","background-size":"auto","background-attachment":"scroll","background-type":"","background-media":"","overlay-type":"","overlay-color":"","overlay-opacity":"","overlay-gradient":""},"mobile":{"background-color":"var(--ast-global-color-5)","background-image":"","background-repeat":"repeat","background-position":"center center","background-size":"auto","background-attachment":"scroll","background-type":"","background-media":"","overlay-type":"","overlay-color":"","overlay-opacity":"","overlay-gradient":""}}},"product_brand":[],"product_cat":[63],"product_tag":[],"class_list":{"0":"post-3731","1":"product","2":"type-product","3":"status-publish","4":"has-post-thumbnail","6":"product_cat-terminal-tactile","7":"desktop-align-left","8":"tablet-align-left","9":"mobile-align-left","11":"first","12":"instock","13":"taxable","14":"shipping-taxable","15":"purchasable","16":"product-type-simple"},"aioseo_notices":[],"jetpack_sharing_enabled":true,"_links":{"self":[{"href":"https:\/\/maroctactile.com\/index.php\/wp-json\/wp\/v2\/product\/3731","targetHints":{"allow":["GET"]}}],"collection":[{"href":"https:\/\/maroctactile.com\/index.php\/wp-json\/wp\/v2\/product"}],"about":[{"href":"https:\/\/maroctactile.com\/index.php\/wp-json\/wp\/v2\/types\/product"}],"version-history":[{"count":5,"href":"https:\/\/maroctactile.com\/index.php\/wp-json\/wp\/v2\/product\/3731\/revisions"}],"predecessor-version":[{"id":4611,"href":"https:\/\/maroctactile.com\/index.php\/wp-json\/wp\/v2\/product\/3731\/revisions\/4611"}],"wp:featuredmedia":[{"embeddable":true,"href":"https:\/\/maroctactile.com\/index.php\/wp-json\/wp\/v2\/media\/3736"}],"wp:attachment":[{"href":"https:\/\/maroctactile.com\/index.php\/wp-json\/wp\/v2\/media?parent=3731"}],"wp:term":[{"taxonomy":"product_brand","embeddable":true,"href":"https:\/\/maroctactile.com\/index.php\/wp-json\/wp\/v2\/product_brand?post=3731"},{"taxonomy":"product_cat","embeddable":true,"href":"https:\/\/maroctactile.com\/index.php\/wp-json\/wp\/v2\/product_cat?post=3731"},{"taxonomy":"product_tag","embeddable":true,"href":"https:\/\/maroctactile.com\/index.php\/wp-json\/wp\/v2\/product_tag?post=3731"}],"curies":[{"name":"wp","href":"https:\/\/api.w.org\/{rel}","templated":true}]}}