{"id":4106,"date":"2025-05-11T20:28:38","date_gmt":"2025-05-11T19:28:38","guid":{"rendered":"https:\/\/maroctactile.com\/?post_type=product&#038;p=4106"},"modified":"2025-12-13T00:39:32","modified_gmt":"2025-12-13T00:39:32","slug":"pupitre-digital-49","status":"publish","type":"product","link":"https:\/\/maroctactile.com\/index.php\/produit\/pupitre-digital-49\/","title":{"rendered":"Pupitre Digital 49&Prime;"},"content":{"rendered":"\t\t<div data-elementor-type=\"wp-post\" data-elementor-id=\"4106\" class=\"elementor elementor-4106\">\n\t\t\t\t<div class=\"elementor-element elementor-element-56ca1dda e-flex e-con-boxed e-con e-parent\" data-id=\"56ca1dda\" data-element_type=\"container\" data-e-type=\"container\">\n\t\t\t\t\t<div class=\"e-con-inner\">\n\t\t\t\t<div class=\"elementor-element elementor-element-896e264 elementor-widget elementor-widget-button\" data-id=\"896e264\" data-element_type=\"widget\" data-e-type=\"widget\" data-widget_type=\"button.default\">\n\t\t\t\t<div class=\"elementor-widget-container\">\n\t\t\t\t\t\t\t\t\t<div class=\"elementor-button-wrapper\">\n\t\t\t\t\t<a class=\"elementor-button elementor-button-link elementor-size-sm\" href=\"http:\/\/maroctactile.com\/wp-content\/uploads\/2025\/05\/fiche-technique-pupitre_digital-49.pdf\">\n\t\t\t\t\t\t<span class=\"elementor-button-content-wrapper\">\n\t\t\t\t\t\t<span class=\"elementor-button-icon\">\n\t\t\t\t<svg aria-hidden=\"true\" class=\"e-font-icon-svg e-far-check-circle\" viewBox=\"0 0 512 512\" xmlns=\"http:\/\/www.w3.org\/2000\/svg\"><path d=\"M256 8C119.033 8 8 119.033 8 256s111.033 248 248 248 248-111.033 248-248S392.967 8 256 8zm0 48c110.532 0 200 89.451 200 200 0 110.532-89.451 200-200 200-110.532 0-200-89.451-200-200 0-110.532 89.451-200 200-200m140.204 130.267l-22.536-22.718c-4.667-4.705-12.265-4.736-16.97-.068L215.346 303.697l-59.792-60.277c-4.667-4.705-12.265-4.736-16.97-.069l-22.719 22.536c-4.705 4.667-4.736 12.265-.068 16.971l90.781 91.516c4.667 4.705 12.265 4.736 16.97.068l172.589-171.204c4.704-4.668 4.734-12.266.067-16.971z\"><\/path><\/svg>\t\t\t<\/span>\n\t\t\t\t\t\t\t\t\t<span class=\"elementor-button-text\">Fiche technique<\/span>\n\t\t\t\t\t<\/span>\n\t\t\t\t\t<\/a>\n\t\t\t\t<\/div>\n\t\t\t\t\t\t\t\t<\/div>\n\t\t\t\t<\/div>\n\t\t\t\t<div class=\"elementor-element elementor-element-11864f4a elementor-widget elementor-widget-text-editor\" data-id=\"11864f4a\" data-element_type=\"widget\" data-e-type=\"widget\" data-widget_type=\"text-editor.default\">\n\t\t\t\t<div class=\"elementor-widget-container\">\n\t\t\t\t\t\t\t\t\t<strong>\u00c9cran:<\/strong>\r\n<ul>\r\n \t<li>Technologie LCD haute r\u00e9solution avec une r\u00e9solution de 3840 x 1260.<\/li>\r\n \t<li>Ratio d\u2019affichage de 16:9 et temps de r\u00e9ponse \u2264 6 ms.<\/li>\r\n \t<li>Luminosit\u00e9 de 350 nits et contraste \u2265 1300:1.<\/li>\r\n \t<li>Taille visible de 1073.66mm x 604.04mm et angle de vue de 178\u00b0. \u200b<\/li>\r\n \t<li>Dur\u00e9e de vie de l&rsquo;\u00e9cran \u2265 50 000 heures.<\/li>\r\n<\/ul>\r\n<strong>Fonction tactile:<\/strong>\r\n<ul>\r\n \t<li>Technologie infrarouge (IR) avec 10 points de contact.<\/li>\r\n<\/ul>\r\n<strong>Syst\u00e8me:<\/strong>\r\n<ul>\r\n \t<li>Processeur Intel Core i5, 8 Go de RAM et 128 Go SSD.<\/li>\r\n \t<li>Syst\u00e8me d\u2019exploitation Windows 10 ou 11.<\/li>\r\n \t<li>Connectivit\u00e9 WiFi et RJ45, avec 2 ports USB 3.0.<\/li>\r\n \t<li>Haut-parleurs de 2 x 5W (8\u03a9).<\/li>\r\n<\/ul>\r\n<strong>Consommation \u00c9lectrique:<\/strong>\r\n<ul>\r\n \t<li>Entr\u00e9e AC100 &#8211; 240V~ (+\/- 10 %) 50\/60Hz.<\/li>\r\n \t<li>Consommation maximale \u2264 130W et mode veille &lt; 0.9W.<\/li>\r\n<\/ul>\r\n<strong>Conditions d\u2019utilisation:<\/strong>\r\n<ul>\r\n \t<li>Temp\u00e9rature de fonctionnement de -10\u00b0C \u00e0 46\u00b0C. \u200b<\/li>\r\n \t<li>Humidit\u00e9 de 10 % \u00e0 80 %. \u200b<\/li>\r\n<\/ul>\r\n<strong>Structure:<\/strong>\r\n<ul>\r\n \t<li>Mat\u00e9riau en m\u00e9tal, poids net de 54 kg et poids brut de 112 kg.<\/li>\r\n \t<li>Installation sur pied (stand).<\/li>\r\n<\/ul>\r\n<strong>Logiciels &amp; Gestion:<\/strong>\r\n<ul>\r\n \t<li>Gestion de contenus multim\u00e9dia (vid\u00e9o, image, texte\u2026).<\/li>\r\n \t<li>Formats support\u00e9s incluent MP3, MP4, WMA, JPG, BMP, FLV, RMVB, MPEG2. \u200b<\/li>\r\n \t<li>Mise \u00e0 jour et gestion \u00e0 distance des contenus et terminaux. \u200b<\/li>\r\n \t<li>Planification des diffusions et red\u00e9marrage\/extinction automatiques. \u200b<\/li>\r\n<\/ul>\r\n&nbsp;\t\t\t\t\t\t\t\t<\/div>\n\t\t\t\t<\/div>\n\t\t\t\t\t<\/div>\n\t\t\t\t<\/div>\n\t\t\t\t<\/div>\n\t\t","protected":false},"excerpt":{"rendered":"<\/p>\n<p class=\"\" data-start=\"0\" data-end=\"37\"><strong data-start=\"0\" data-end=\"35\">Pupitre digital Windows 49&Prime;<\/strong><\/p>\n<p class=\"\" data-start=\"39\" data-end=\"548\">La borne tactile 49 pouces offre un \u00e9cran LCD haute r\u00e9solution (3840 x 1260) avec un ratio 16:9, une luminosit\u00e9 de 350 nits et un contraste \u2265 1300:1. Dot\u00e9e d&rsquo;une technologie tactile infrarouge \u00e0 10 points de contact, elle fonctionne sous Windows 10 ou 11 avec un processeur Intel Core i5, 8 Go de RAM et 128 Go SSD. Connectivit\u00e9 compl\u00e8te avec WiFi, RJ45 et USB 3.0. Installation sur pied, structure en m\u00e9tal robuste, id\u00e9ale pour les pr\u00e9sentations interactives et la gestion de contenus multim\u00e9dias \u00e0 distance.<\/p>\n","protected":false},"featured_media":4110,"template":"","meta":{"_monsterinsights_skip_tracking":false,"_monsterinsights_sitenote_active":false,"_monsterinsights_sitenote_note":"","_monsterinsights_sitenote_category":0,"site-sidebar-layout":"default","site-content-layout":"","ast-site-content-layout":"default","site-content-style":"default","site-sidebar-style":"default","ast-global-header-display":"","ast-banner-title-visibility":"","ast-main-header-display":"","ast-hfb-above-header-display":"","ast-hfb-below-header-display":"","ast-hfb-mobile-header-display":"","site-post-title":"","ast-breadcrumbs-content":"","ast-featured-img":"","footer-sml-layout":"","ast-disable-related-posts":"","theme-transparent-header-meta":"default","adv-header-id-meta":"","stick-header-meta":"","header-above-stick-meta":"","header-main-stick-meta":"","header-below-stick-meta":"","astra-migrate-meta-layouts":"set","ast-page-background-enabled":"default","ast-page-background-meta":{"desktop":{"background-color":"var(--ast-global-color-4)","background-image":"","background-repeat":"repeat","background-position":"center center","background-size":"auto","background-attachment":"scroll","background-type":"","background-media":"","overlay-type":"","overlay-color":"","overlay-opacity":"","overlay-gradient":""},"tablet":{"background-color":"","background-image":"","background-repeat":"repeat","background-position":"center center","background-size":"auto","background-attachment":"scroll","background-type":"","background-media":"","overlay-type":"","overlay-color":"","overlay-opacity":"","overlay-gradient":""},"mobile":{"background-color":"","background-image":"","background-repeat":"repeat","background-position":"center center","background-size":"auto","background-attachment":"scroll","background-type":"","background-media":"","overlay-type":"","overlay-color":"","overlay-opacity":"","overlay-gradient":""}},"ast-content-background-meta":{"desktop":{"background-color":"var(--ast-global-color-5)","background-image":"","background-repeat":"repeat","background-position":"center center","background-size":"auto","background-attachment":"scroll","background-type":"","background-media":"","overlay-type":"","overlay-color":"","overlay-opacity":"","overlay-gradient":""},"tablet":{"background-color":"var(--ast-global-color-5)","background-image":"","background-repeat":"repeat","background-position":"center center","background-size":"auto","background-attachment":"scroll","background-type":"","background-media":"","overlay-type":"","overlay-color":"","overlay-opacity":"","overlay-gradient":""},"mobile":{"background-color":"var(--ast-global-color-5)","background-image":"","background-repeat":"repeat","background-position":"center center","background-size":"auto","background-attachment":"scroll","background-type":"","background-media":"","overlay-type":"","overlay-color":"","overlay-opacity":"","overlay-gradient":""}}},"product_brand":[],"product_cat":[42],"product_tag":[66,65],"class_list":{"0":"post-4106","1":"product","2":"type-product","3":"status-publish","4":"has-post-thumbnail","6":"product_cat-borne-tactile","7":"product_tag-maroc","8":"product_tag-pupitre-digital","9":"desktop-align-left","10":"tablet-align-left","11":"mobile-align-left","13":"first","14":"instock","15":"sale","16":"taxable","17":"shipping-taxable","18":"purchasable","19":"product-type-simple"},"aioseo_notices":[],"jetpack_sharing_enabled":true,"_links":{"self":[{"href":"https:\/\/maroctactile.com\/index.php\/wp-json\/wp\/v2\/product\/4106","targetHints":{"allow":["GET"]}}],"collection":[{"href":"https:\/\/maroctactile.com\/index.php\/wp-json\/wp\/v2\/product"}],"about":[{"href":"https:\/\/maroctactile.com\/index.php\/wp-json\/wp\/v2\/types\/product"}],"version-history":[{"count":12,"href":"https:\/\/maroctactile.com\/index.php\/wp-json\/wp\/v2\/product\/4106\/revisions"}],"predecessor-version":[{"id":4563,"href":"https:\/\/maroctactile.com\/index.php\/wp-json\/wp\/v2\/product\/4106\/revisions\/4563"}],"wp:featuredmedia":[{"embeddable":true,"href":"https:\/\/maroctactile.com\/index.php\/wp-json\/wp\/v2\/media\/4110"}],"wp:attachment":[{"href":"https:\/\/maroctactile.com\/index.php\/wp-json\/wp\/v2\/media?parent=4106"}],"wp:term":[{"taxonomy":"product_brand","embeddable":true,"href":"https:\/\/maroctactile.com\/index.php\/wp-json\/wp\/v2\/product_brand?post=4106"},{"taxonomy":"product_cat","embeddable":true,"href":"https:\/\/maroctactile.com\/index.php\/wp-json\/wp\/v2\/product_cat?post=4106"},{"taxonomy":"product_tag","embeddable":true,"href":"https:\/\/maroctactile.com\/index.php\/wp-json\/wp\/v2\/product_tag?post=4106"}],"curies":[{"name":"wp","href":"https:\/\/api.w.org\/{rel}","templated":true}]}}