{"id":4245,"date":"2025-07-14T23:28:39","date_gmt":"2025-07-14T22:28:39","guid":{"rendered":"https:\/\/maroctactile.com\/?post_type=product&#038;p=4245"},"modified":"2025-07-16T17:25:16","modified_gmt":"2025-07-16T16:25:16","slug":"ecran-led-absen-au-maroc","status":"publish","type":"product","link":"https:\/\/maroctactile.com\/index.php\/produit\/ecran-led-absen-au-maroc\/","title":{"rendered":"\u00c9cran LED Absen au Maroc"},"content":{"rendered":"<p>D\u00e9couvrez l\u2019<strong data-start=\"343\" data-end=\"362\">\u00e9cran LED Absen<\/strong>, <a href=\"https:\/\/digitactile.com\/\">disponible au Maroc<\/a>, id\u00e9al pour une utilisation <strong data-start=\"412\" data-end=\"440\">int\u00e9rieure ou ext\u00e9rieure<\/strong>. Offrant une <strong data-start=\"454\" data-end=\"488\">qualit\u00e9 d\u2019image exceptionnelle<\/strong>, une <strong data-start=\"494\" data-end=\"514\">haute luminosit\u00e9<\/strong> et une <strong data-start=\"522\" data-end=\"545\">installation facile<\/strong>, il est parfait pour les <strong data-start=\"571\" data-end=\"656\">\u00e9v\u00e9nements, vitrines, conf\u00e9rences, centres commerciaux ou campagnes publicitaires<\/strong>.<\/p>\n<p data-start=\"659\" data-end=\"686\"><strong data-start=\"659\" data-end=\"686\">Caract\u00e9ristiques cl\u00e9s :<\/strong><\/p>\n<ul data-start=\"687\" data-end=\"937\">\n<li data-start=\"687\" data-end=\"727\">\n<p data-start=\"689\" data-end=\"727\">R\u00e9solution Full HD \/ 4K selon mod\u00e8le<\/p>\n<\/li>\n<li data-start=\"728\" data-end=\"776\">\n<p data-start=\"730\" data-end=\"776\">Pitch de pixel :\u00a0 P3.9 \/ P2,5<\/p>\n<\/li>\n<li data-start=\"777\" data-end=\"821\">\n<p data-start=\"779\" data-end=\"821\">Installation modulaire, rapide et l\u00e9g\u00e8re<\/p>\n<\/li>\n<li data-start=\"822\" data-end=\"883\">\n<p data-start=\"824\" data-end=\"883\">Haute luminosit\u00e9 : jusqu\u2019\u00e0 5000 nits pour usage ext\u00e9rieur<\/p>\n<\/li>\n<li data-start=\"884\" data-end=\"937\">\n<p data-start=\"886\" data-end=\"937\">Disponible \u00e0 la <strong data-start=\"902\" data-end=\"937\">vente et \u00e0 la location au Maroc<\/strong><\/p>\n<\/li>\n<\/ul>\n","protected":false},"excerpt":{"rendered":"<p data-start=\"213\" data-end=\"464\">L\u2019\u00e9cran LED <strong data-start=\"225\" data-end=\"239\">Absen P3.9<\/strong> est une solution d\u2019affichage haute performance con\u00e7ue pour un usage int\u00e9rieur ou ext\u00e9rieur selon le mod\u00e8le. Avec un <strong data-start=\"356\" data-end=\"384\">pitch de pixel de 3,9 mm<\/strong>, il garantit une <strong data-start=\"402\" data-end=\"427\">qualit\u00e9 d\u2019image nette<\/strong> et homog\u00e8ne, m\u00eame \u00e0 courte distance.<\/p>\n<p data-start=\"466\" data-end=\"782\">Il est \u00e9quip\u00e9 de <strong data-start=\"483\" data-end=\"498\">LED SMD1921<\/strong> pour l\u2019ext\u00e9rieur et <strong data-start=\"519\" data-end=\"530\">SMD2121<\/strong> pour l\u2019int\u00e9rieur, offrant une <strong data-start=\"561\" data-end=\"600\">luminosit\u00e9 allant jusqu\u2019\u00e0 4500 nits<\/strong> en version ext\u00e9rieure, id\u00e9ale pour les environnements tr\u00e8s lumineux. Son <strong data-start=\"674\" data-end=\"736\">taux de rafra\u00eechissement \u00e9lev\u00e9 (\u22651920 Hz, jusqu&rsquo;\u00e0 3840 Hz)<\/strong> assure un rendu fluide et sans scintillement.<\/p>\n<p data-start=\"784\" data-end=\"1087\">Gr\u00e2ce \u00e0 sa <strong data-start=\"795\" data-end=\"858\">structure modulaire (panneaux de 500\u00d7500 mm ou 500\u00d71000 mm)<\/strong> et son <strong data-start=\"866\" data-end=\"893\">poids l\u00e9ger (7 \u00e0 11 kg)<\/strong>, l\u2019installation est rapide, que ce soit en suspension ou sur structure au sol. Il b\u00e9n\u00e9ficie \u00e9galement d\u2019un <strong data-start=\"1001\" data-end=\"1056\">angle de vision large (140\u00b0 horizontal et vertical)<\/strong>, pour une visibilit\u00e9 optimale.<\/p>\n<p data-start=\"1089\" data-end=\"1354\">La <strong data-start=\"1092\" data-end=\"1107\">maintenance<\/strong> peut s\u2019effectuer par l\u2019avant ou l\u2019arri\u00e8re selon le mod\u00e8le, et sa <strong data-start=\"1173\" data-end=\"1212\">dur\u00e9e de vie atteint 100 000 heures<\/strong>, assurant un excellent retour sur investissement. L\u2019indice de protection IP65 (ext\u00e9rieur) garantit une r\u00e9sistance aux conditions ext\u00e9rieures.<\/p>\n<p data-start=\"1356\" data-end=\"1529\">Ce mod\u00e8le est parfaitement adapt\u00e9 pour les <strong data-start=\"1399\" data-end=\"1472\">\u00e9v\u00e9nements professionnels, concerts, conf\u00e9rences, centres commerciaux<\/strong>, ou encore les <strong data-start=\"1488\" data-end=\"1528\">campagnes publicitaires en plein air<\/strong>.<\/p>\n","protected":false},"featured_media":4250,"template":"","meta":{"_monsterinsights_skip_tracking":false,"_monsterinsights_sitenote_active":false,"_monsterinsights_sitenote_note":"","_monsterinsights_sitenote_category":0,"site-sidebar-layout":"default","site-content-layout":"","ast-site-content-layout":"default","site-content-style":"default","site-sidebar-style":"default","ast-global-header-display":"","ast-banner-title-visibility":"","ast-main-header-display":"","ast-hfb-above-header-display":"","ast-hfb-below-header-display":"","ast-hfb-mobile-header-display":"","site-post-title":"","ast-breadcrumbs-content":"","ast-featured-img":"","footer-sml-layout":"","ast-disable-related-posts":"","theme-transparent-header-meta":"default","adv-header-id-meta":"","stick-header-meta":"","header-above-stick-meta":"","header-main-stick-meta":"","header-below-stick-meta":"","astra-migrate-meta-layouts":"set","ast-page-background-enabled":"default","ast-page-background-meta":{"desktop":{"background-color":"var(--ast-global-color-4)","background-image":"","background-repeat":"repeat","background-position":"center center","background-size":"auto","background-attachment":"scroll","background-type":"","background-media":"","overlay-type":"","overlay-color":"","overlay-opacity":"","overlay-gradient":""},"tablet":{"background-color":"","background-image":"","background-repeat":"repeat","background-position":"center center","background-size":"auto","background-attachment":"scroll","background-type":"","background-media":"","overlay-type":"","overlay-color":"","overlay-opacity":"","overlay-gradient":""},"mobile":{"background-color":"","background-image":"","background-repeat":"repeat","background-position":"center center","background-size":"auto","background-attachment":"scroll","background-type":"","background-media":"","overlay-type":"","overlay-color":"","overlay-opacity":"","overlay-gradient":""}},"ast-content-background-meta":{"desktop":{"background-color":"var(--ast-global-color-5)","background-image":"","background-repeat":"repeat","background-position":"center center","background-size":"auto","background-attachment":"scroll","background-type":"","background-media":"","overlay-type":"","overlay-color":"","overlay-opacity":"","overlay-gradient":""},"tablet":{"background-color":"var(--ast-global-color-5)","background-image":"","background-repeat":"repeat","background-position":"center center","background-size":"auto","background-attachment":"scroll","background-type":"","background-media":"","overlay-type":"","overlay-color":"","overlay-opacity":"","overlay-gradient":""},"mobile":{"background-color":"var(--ast-global-color-5)","background-image":"","background-repeat":"repeat","background-position":"center center","background-size":"auto","background-attachment":"scroll","background-type":"","background-media":"","overlay-type":"","overlay-color":"","overlay-opacity":"","overlay-gradient":""}}},"product_brand":[],"product_cat":[61],"product_tag":[],"class_list":{"0":"post-4245","1":"product","2":"type-product","3":"status-publish","4":"has-post-thumbnail","6":"product_cat-ecran-led","7":"desktop-align-left","8":"tablet-align-left","9":"mobile-align-left","11":"first","12":"instock","13":"taxable","14":"shipping-taxable","15":"purchasable","16":"product-type-variable"},"aioseo_notices":[],"jetpack_sharing_enabled":true,"_links":{"self":[{"href":"https:\/\/maroctactile.com\/index.php\/wp-json\/wp\/v2\/product\/4245","targetHints":{"allow":["GET"]}}],"collection":[{"href":"https:\/\/maroctactile.com\/index.php\/wp-json\/wp\/v2\/product"}],"about":[{"href":"https:\/\/maroctactile.com\/index.php\/wp-json\/wp\/v2\/types\/product"}],"version-history":[{"count":4,"href":"https:\/\/maroctactile.com\/index.php\/wp-json\/wp\/v2\/product\/4245\/revisions"}],"predecessor-version":[{"id":4273,"href":"https:\/\/maroctactile.com\/index.php\/wp-json\/wp\/v2\/product\/4245\/revisions\/4273"}],"wp:featuredmedia":[{"embeddable":true,"href":"https:\/\/maroctactile.com\/index.php\/wp-json\/wp\/v2\/media\/4250"}],"wp:attachment":[{"href":"https:\/\/maroctactile.com\/index.php\/wp-json\/wp\/v2\/media?parent=4245"}],"wp:term":[{"taxonomy":"product_brand","embeddable":true,"href":"https:\/\/maroctactile.com\/index.php\/wp-json\/wp\/v2\/product_brand?post=4245"},{"taxonomy":"product_cat","embeddable":true,"href":"https:\/\/maroctactile.com\/index.php\/wp-json\/wp\/v2\/product_cat?post=4245"},{"taxonomy":"product_tag","embeddable":true,"href":"https:\/\/maroctactile.com\/index.php\/wp-json\/wp\/v2\/product_tag?post=4245"}],"curies":[{"name":"wp","href":"https:\/\/api.w.org\/{rel}","templated":true}]}}