{"id":4789,"date":"2026-02-20T13:23:57","date_gmt":"2026-02-20T13:23:57","guid":{"rendered":"https:\/\/maroctactile.com\/?post_type=product&#038;p=4789"},"modified":"2026-02-20T21:07:56","modified_gmt":"2026-02-20T21:07:56","slug":"borne-tactile-gestion-de-file-dattente-au-maroc","status":"publish","type":"product","link":"https:\/\/maroctactile.com\/index.php\/produit\/borne-tactile-gestion-de-file-dattente-au-maroc\/","title":{"rendered":"Borne Tactile Gestion de File d\u2019Attente au Maroc"},"content":{"rendered":"\t\t<div data-elementor-type=\"wp-post\" data-elementor-id=\"4789\" class=\"elementor elementor-4789\">\n\t\t\t\t<div class=\"elementor-element elementor-element-550653eb e-flex e-con-boxed e-con e-parent\" data-id=\"550653eb\" data-element_type=\"container\" data-e-type=\"container\">\n\t\t\t\t\t<div class=\"e-con-inner\">\n\t\t\t\t<div class=\"elementor-element elementor-element-ed2dbb5 elementor-widget elementor-widget-button\" data-id=\"ed2dbb5\" data-element_type=\"widget\" data-e-type=\"widget\" data-widget_type=\"button.default\">\n\t\t\t\t<div class=\"elementor-widget-container\">\n\t\t\t\t\t\t\t\t\t<div class=\"elementor-button-wrapper\">\n\t\t\t\t\t<a class=\"elementor-button elementor-button-link elementor-size-sm\" href=\"http:\/\/maroctactile.com\/wp-content\/uploads\/2026\/02\/borne-file-dattente-W-FT.pdf\">\n\t\t\t\t\t\t<span class=\"elementor-button-content-wrapper\">\n\t\t\t\t\t\t<span class=\"elementor-button-icon\">\n\t\t\t\t<svg aria-hidden=\"true\" class=\"e-font-icon-svg e-far-arrow-alt-circle-down\" viewBox=\"0 0 512 512\" xmlns=\"http:\/\/www.w3.org\/2000\/svg\"><path d=\"M256 8C119 8 8 119 8 256s111 248 248 248 248-111 248-248S393 8 256 8zm0 448c-110.5 0-200-89.5-200-200S145.5 56 256 56s200 89.5 200 200-89.5 200-200 200zm-32-316v116h-67c-10.7 0-16 12.9-8.5 20.5l99 99c4.7 4.7 12.3 4.7 17 0l99-99c7.6-7.6 2.2-20.5-8.5-20.5h-67V140c0-6.6-5.4-12-12-12h-40c-6.6 0-12 5.4-12 12z\"><\/path><\/svg>\t\t\t<\/span>\n\t\t\t\t\t\t\t\t\t<span class=\"elementor-button-text\">Fiche technique<\/span>\n\t\t\t\t\t<\/span>\n\t\t\t\t\t<\/a>\n\t\t\t\t<\/div>\n\t\t\t\t\t\t\t\t<\/div>\n\t\t\t\t<\/div>\n\t\t\t\t<div class=\"elementor-element elementor-element-769285f elementor-widget elementor-widget-text-editor\" data-id=\"769285f\" data-element_type=\"widget\" data-e-type=\"widget\" data-widget_type=\"text-editor.default\">\n\t\t\t\t<div class=\"elementor-widget-container\">\n\t\t\t\t\t\t\t\t\t<p data-start=\"543\" data-end=\"759\">Optimisez la gestion de vos flux clients gr\u00e2ce \u00e0 notre syst\u00e8me de file d\u2019attente intelligent. Cette solution permet d\u2019organiser efficacement l\u2019accueil, r\u00e9duire les temps d\u2019attente et am\u00e9liorer la satisfaction client.<\/p><p data-start=\"761\" data-end=\"903\">Facile \u00e0 installer et enti\u00e8rement personnalisable, elle convient parfaitement aux banques, administrations, cliniques et entreprises au Maroc.<\/p><table><thead><tr><th><strong>Composant<\/strong><\/th><th><strong>Caract\u00e9ristiques<\/strong><\/th><\/tr><\/thead><tbody><tr><td><strong>Borne tactile<\/strong><\/td><td>\u00c9cran tactile LCD 22 pouces<\/td><\/tr><tr><td><strong>Syst\u00e8me<\/strong><\/td><td>Windows<\/td><\/tr><tr><td><strong>Imprimante<\/strong><\/td><td>Thermique EPSON<\/td><\/tr><tr><td><strong>Communication<\/strong><\/td><td>TCP\/IP + sans fil<\/td><\/tr><tr><td><strong>Audio<\/strong><\/td><td>Module vocal int\u00e9gr\u00e9<\/td><\/tr><tr><td><strong>Langues<\/strong><\/td><td>Multilingue\u00a0<\/td><\/tr><tr><td><strong>Personnalisation<\/strong><\/td><td>Logo, couleurs, interface<\/td><\/tr><tr><td><strong>Logiciel gestion<\/strong><\/td><td>Gestion compl\u00e8te des files d\u2019attente<\/td><\/tr><tr><td><strong>Affichage<\/strong><\/td><td>\u00c9cran LCD + afficheurs LED<\/td><\/tr><tr><td><strong>Multim\u00e9dia<\/strong><\/td><td>Vid\u00e9os, images, publicit\u00e9<\/td><\/tr><tr><td><strong>Manipulateur<\/strong><\/td><td>Appel, transfert, pause, affichage clients<\/td><\/tr><tr><td><strong>S\u00e9curit\u00e9<\/strong><\/td><td>Acc\u00e8s par identifiant et mot de passe<\/td><\/tr><tr><td><strong>\u00c9nergie<\/strong><\/td><td>Mode veille automatique<\/td><\/tr><tr><td><strong>Statistiques<\/strong><\/td><td>Rapports d\u00e9taill\u00e9s (temps, services, employ\u00e9s)<\/td><\/tr><tr><td><strong>Export<\/strong><\/td><td>Excel, impression, web<\/td><\/tr><\/tbody><\/table><h2 data-start=\"1755\" data-end=\"1792\"><strong data-start=\"1761\" data-end=\"1792\">Fonctionnalit\u00e9s principales<\/strong><\/h2><ul data-start=\"1793\" data-end=\"1984\"><li data-start=\"1793\" data-end=\"1828\"><p data-start=\"1795\" data-end=\"1828\">Distribution de tickets clients<\/p><\/li><li data-start=\"1829\" data-end=\"1860\"><p data-start=\"1831\" data-end=\"1860\">Appel automatique ou manuel<\/p><\/li><li data-start=\"1861\" data-end=\"1889\"><p data-start=\"1863\" data-end=\"1889\">Transfert entre guichets<\/p><\/li><li data-start=\"1890\" data-end=\"1917\"><p data-start=\"1892\" data-end=\"1917\">Affichage en temps r\u00e9el<\/p><\/li><li data-start=\"1918\" data-end=\"1955\"><p data-start=\"1920\" data-end=\"1955\">Diffusion de contenu publicitaire<\/p><\/li><li data-start=\"1956\" data-end=\"1984\"><p data-start=\"1958\" data-end=\"1984\">Analyse des performances<\/p><\/li><\/ul><hr data-start=\"1986\" data-end=\"1989\" \/><h2 data-start=\"1991\" data-end=\"2010\"><strong data-start=\"1997\" data-end=\"2010\">\u00a0Avantages<\/strong><\/h2><ul data-start=\"2011\" data-end=\"2140\"><li data-start=\"2011\" data-end=\"2043\"><p data-start=\"2013\" data-end=\"2043\">R\u00e9duction du temps d\u2019attente<\/p><\/li><li data-start=\"2044\" data-end=\"2070\"><p data-start=\"2046\" data-end=\"2070\">Meilleure organisation<\/p><\/li><li data-start=\"2071\" data-end=\"2102\"><p data-start=\"2073\" data-end=\"2102\">Exp\u00e9rience client am\u00e9lior\u00e9e<\/p><\/li><li data-start=\"2103\" data-end=\"2140\"><p data-start=\"2105\" data-end=\"2140\">Suivi et analyse des performances<\/p><\/li><\/ul><hr data-start=\"2142\" data-end=\"2145\" \/><h2 data-start=\"2147\" data-end=\"2179\"><strong data-start=\"2153\" data-end=\"2179\">Domaines d\u2019utilisation<\/strong><\/h2><p data-start=\"2180\" data-end=\"2252\">Banques \u2022 Administrations \u2022 H\u00f4pitaux \u2022 Centres de services \u2022 Commerces<\/p>\t\t\t\t\t\t\t\t<\/div>\n\t\t\t\t<\/div>\n\t\t\t\t\t<\/div>\n\t\t\t\t<\/div>\n\t\t\t\t<\/div>\n\t\t","protected":false},"excerpt":{"rendered":"<p>Optimisez l\u2019accueil de vos clients avec notre borne tactile de gestion de file d\u2019attente. \u00c9quip\u00e9e d\u2019un \u00e9cran tactile 22 pouces, d\u2019une imprimante thermique et d\u2019un logiciel intelligent, cette solution permet d\u2019organiser les flux, r\u00e9duire l\u2019attente et am\u00e9liorer l\u2019exp\u00e9rience client. Id\u00e9ale pour banques, administrations, h\u00f4pitaux et commerces au Maroc.<\/p>\n","protected":false},"featured_media":4798,"template":"","meta":{"_monsterinsights_skip_tracking":false,"_monsterinsights_sitenote_active":false,"_monsterinsights_sitenote_note":"","_monsterinsights_sitenote_category":0,"site-sidebar-layout":"default","site-content-layout":"","ast-site-content-layout":"default","site-content-style":"default","site-sidebar-style":"default","ast-global-header-display":"","ast-banner-title-visibility":"","ast-main-header-display":"","ast-hfb-above-header-display":"","ast-hfb-below-header-display":"","ast-hfb-mobile-header-display":"","site-post-title":"","ast-breadcrumbs-content":"","ast-featured-img":"","footer-sml-layout":"","ast-disable-related-posts":"","theme-transparent-header-meta":"default","adv-header-id-meta":"","stick-header-meta":"","header-above-stick-meta":"","header-main-stick-meta":"","header-below-stick-meta":"","astra-migrate-meta-layouts":"set","ast-page-background-enabled":"default","ast-page-background-meta":{"desktop":{"background-color":"var(--ast-global-color-4)","background-image":"","background-repeat":"repeat","background-position":"center center","background-size":"auto","background-attachment":"scroll","background-type":"","background-media":"","overlay-type":"","overlay-color":"","overlay-opacity":"","overlay-gradient":""},"tablet":{"background-color":"","background-image":"","background-repeat":"repeat","background-position":"center center","background-size":"auto","background-attachment":"scroll","background-type":"","background-media":"","overlay-type":"","overlay-color":"","overlay-opacity":"","overlay-gradient":""},"mobile":{"background-color":"","background-image":"","background-repeat":"repeat","background-position":"center center","background-size":"auto","background-attachment":"scroll","background-type":"","background-media":"","overlay-type":"","overlay-color":"","overlay-opacity":"","overlay-gradient":""}},"ast-content-background-meta":{"desktop":{"background-color":"var(--ast-global-color-5)","background-image":"","background-repeat":"repeat","background-position":"center center","background-size":"auto","background-attachment":"scroll","background-type":"","background-media":"","overlay-type":"","overlay-color":"","overlay-opacity":"","overlay-gradient":""},"tablet":{"background-color":"var(--ast-global-color-5)","background-image":"","background-repeat":"repeat","background-position":"center center","background-size":"auto","background-attachment":"scroll","background-type":"","background-media":"","overlay-type":"","overlay-color":"","overlay-opacity":"","overlay-gradient":""},"mobile":{"background-color":"var(--ast-global-color-5)","background-image":"","background-repeat":"repeat","background-position":"center center","background-size":"auto","background-attachment":"scroll","background-type":"","background-media":"","overlay-type":"","overlay-color":"","overlay-opacity":"","overlay-gradient":""}}},"product_brand":[],"product_cat":[42],"product_tag":[],"class_list":{"0":"post-4789","1":"product","2":"type-product","3":"status-publish","4":"has-post-thumbnail","6":"product_cat-borne-tactile","7":"desktop-align-left","8":"tablet-align-left","9":"mobile-align-left","11":"first","12":"instock","13":"taxable","14":"shipping-taxable","15":"purchasable","16":"product-type-simple"},"aioseo_notices":[],"jetpack_sharing_enabled":true,"_links":{"self":[{"href":"https:\/\/maroctactile.com\/index.php\/wp-json\/wp\/v2\/product\/4789","targetHints":{"allow":["GET"]}}],"collection":[{"href":"https:\/\/maroctactile.com\/index.php\/wp-json\/wp\/v2\/product"}],"about":[{"href":"https:\/\/maroctactile.com\/index.php\/wp-json\/wp\/v2\/types\/product"}],"version-history":[{"count":13,"href":"https:\/\/maroctactile.com\/index.php\/wp-json\/wp\/v2\/product\/4789\/revisions"}],"predecessor-version":[{"id":4812,"href":"https:\/\/maroctactile.com\/index.php\/wp-json\/wp\/v2\/product\/4789\/revisions\/4812"}],"wp:featuredmedia":[{"embeddable":true,"href":"https:\/\/maroctactile.com\/index.php\/wp-json\/wp\/v2\/media\/4798"}],"wp:attachment":[{"href":"https:\/\/maroctactile.com\/index.php\/wp-json\/wp\/v2\/media?parent=4789"}],"wp:term":[{"taxonomy":"product_brand","embeddable":true,"href":"https:\/\/maroctactile.com\/index.php\/wp-json\/wp\/v2\/product_brand?post=4789"},{"taxonomy":"product_cat","embeddable":true,"href":"https:\/\/maroctactile.com\/index.php\/wp-json\/wp\/v2\/product_cat?post=4789"},{"taxonomy":"product_tag","embeddable":true,"href":"https:\/\/maroctactile.com\/index.php\/wp-json\/wp\/v2\/product_tag?post=4789"}],"curies":[{"name":"wp","href":"https:\/\/api.w.org\/{rel}","templated":true}]}}